{"id":128,"date":"2022-08-27T18:01:00","date_gmt":"2022-08-27T16:01:00","guid":{"rendered":"https:\/\/feelfreeagency.com\/greentech\/?page_id=128"},"modified":"2022-09-07T12:10:30","modified_gmt":"2022-09-07T10:10:30","slug":"sluzby","status":"publish","type":"page","link":"https:\/\/feelfreeagency.com\/greentech\/sluzby\/","title":{"rendered":"Slu\u017eby"},"content":{"rendered":"\t\t<div data-elementor-type=\"wp-page\" data-elementor-id=\"128\" class=\"elementor elementor-128\">\n\t\t\t\t\t\t\t\t\t<section class=\"elementor-section elementor-top-section elementor-element elementor-element-36c24a43 elementor-section-boxed elementor-section-height-default elementor-section-height-default\" data-id=\"36c24a43\" data-element_type=\"section\" data-settings=\"{&quot;background_background&quot;:&quot;classic&quot;}\">\n\t\t\t\t\t\t\t<div class=\"elementor-background-overlay\"><\/div>\n\t\t\t\t\t\t\t<div class=\"elementor-container elementor-column-gap-no\">\n\t\t\t\t\t<div class=\"elementor-column elementor-col-100 elementor-top-column elementor-element elementor-element-3a867fa0\" data-id=\"3a867fa0\" data-element_type=\"column\">\n\t\t\t<div class=\"elementor-widget-wrap elementor-element-populated\">\n\t\t\t\t\t\t\t\t<div class=\"elementor-element elementor-element-8448add elementor-widget elementor-widget-heading\" data-id=\"8448add\" data-element_type=\"widget\" data-widget_type=\"heading.default\">\n\t\t\t\t<div class=\"elementor-widget-container\">\n\t\t\t<style>\/*! elementor - v3.7.2 - 21-08-2022 *\/\n.elementor-heading-title{padding:0;margin:0;line-height:1}.elementor-widget-heading .elementor-heading-title[class*=elementor-size-]>a{color:inherit;font-size:inherit;line-height:inherit}.elementor-widget-heading .elementor-heading-title.elementor-size-small{font-size:15px}.elementor-widget-heading .elementor-heading-title.elementor-size-medium{font-size:19px}.elementor-widget-heading .elementor-heading-title.elementor-size-large{font-size:29px}.elementor-widget-heading .elementor-heading-title.elementor-size-xl{font-size:39px}.elementor-widget-heading .elementor-heading-title.elementor-size-xxl{font-size:59px}<\/style><h2 class=\"elementor-heading-title elementor-size-default\">Slu\u017eby<\/h2>\t\t<\/div>\n\t\t\t\t<\/div>\n\t\t\t\t\t<\/div>\n\t\t<\/div>\n\t\t\t\t\t\t\t<\/div>\n\t\t<\/section>\n\t\t\t\t<section class=\"elementor-section elementor-top-section elementor-element elementor-element-a3783df elementor-section-boxed elementor-section-height-default elementor-section-height-default\" data-id=\"a3783df\" data-element_type=\"section\" data-settings=\"{&quot;background_background&quot;:&quot;classic&quot;}\">\n\t\t\t\t\t\t<div class=\"elementor-container elementor-column-gap-no\">\n\t\t\t\t\t<div class=\"elementor-column elementor-col-100 elementor-top-column elementor-element elementor-element-67b227ac\" data-id=\"67b227ac\" data-element_type=\"column\">\n\t\t\t<div class=\"elementor-widget-wrap elementor-element-populated\">\n\t\t\t\t\t\t\t\t<section class=\"elementor-section elementor-inner-section elementor-element elementor-element-22878fe1 elementor-section-boxed elementor-section-height-default elementor-section-height-default\" data-id=\"22878fe1\" data-element_type=\"section\">\n\t\t\t\t\t\t<div class=\"elementor-container elementor-column-gap-default\">\n\t\t\t\t\t<div class=\"elementor-column elementor-col-100 elementor-inner-column elementor-element elementor-element-4bb698c2\" data-id=\"4bb698c2\" data-element_type=\"column\">\n\t\t\t<div class=\"elementor-widget-wrap elementor-element-populated\">\n\t\t\t\t\t\t\t\t<div class=\"elementor-element elementor-element-7ebb9508 elementor-widget elementor-widget-text-editor\" data-id=\"7ebb9508\" data-element_type=\"widget\" data-widget_type=\"text-editor.default\">\n\t\t\t\t<div class=\"elementor-widget-container\">\n\t\t\t<style>\/*! elementor - v3.7.2 - 21-08-2022 *\/\n.elementor-widget-text-editor.elementor-drop-cap-view-stacked .elementor-drop-cap{background-color:#818a91;color:#fff}.elementor-widget-text-editor.elementor-drop-cap-view-framed .elementor-drop-cap{color:#818a91;border:3px solid;background-color:transparent}.elementor-widget-text-editor:not(.elementor-drop-cap-view-default) .elementor-drop-cap{margin-top:8px}.elementor-widget-text-editor:not(.elementor-drop-cap-view-default) .elementor-drop-cap-letter{width:1em;height:1em}.elementor-widget-text-editor .elementor-drop-cap{float:left;text-align:center;line-height:1;font-size:50px}.elementor-widget-text-editor .elementor-drop-cap-letter{display:inline-block}<\/style>\t\t\t\t<p>Presk\u00famajte nami pon\u00fakan\u00fa ponuku slu\u017eieb<\/p>\t\t\t\t\t\t<\/div>\n\t\t\t\t<\/div>\n\t\t\t\t<div class=\"elementor-element elementor-element-49fb8444 elementor-widget elementor-widget-heading\" data-id=\"49fb8444\" data-element_type=\"widget\" data-widget_type=\"heading.default\">\n\t\t\t\t<div class=\"elementor-widget-container\">\n\t\t\t<h2 class=\"elementor-heading-title elementor-size-default\">Na\u0161e slu\u017eby<\/h2>\t\t<\/div>\n\t\t\t\t<\/div>\n\t\t\t\t<div class=\"elementor-element elementor-element-3c5090c7 elementor-widget elementor-widget-text-editor\" data-id=\"3c5090c7\" data-element_type=\"widget\" data-widget_type=\"text-editor.default\">\n\t\t\t\t<div class=\"elementor-widget-container\">\n\t\t\t\t\t\t\t<p>Na\u0161a spolo\u010dnos\u0165 pon\u00faka z\u00e1kazn\u00edkom \u0161irok\u00e9 spektrum slu\u017eieb s cie\u013eom vyhovie\u0165 i t\u00fdm najn\u00e1ro\u010dnej\u0161\u00edm. Vyberte si z na\u0161ej ponuky slu\u017eieb a v pr\u00edpade ak\u00fdchko\u013evek ot\u00e1zok n\u00e1s nev\u00e1hajte kontakova\u0165.<\/p>\t\t\t\t\t\t<\/div>\n\t\t\t\t<\/div>\n\t\t\t\t\t<\/div>\n\t\t<\/div>\n\t\t\t\t\t\t\t<\/div>\n\t\t<\/section>\n\t\t\t\t<section class=\"elementor-section elementor-inner-section elementor-element elementor-element-e7ff6ed elementor-section-boxed elementor-section-height-default elementor-section-height-default\" data-id=\"e7ff6ed\" data-element_type=\"section\">\n\t\t\t\t\t\t<div class=\"elementor-container elementor-column-gap-default\">\n\t\t\t\t\t<div class=\"elementor-column elementor-col-33 elementor-inner-column elementor-element elementor-element-17493eb4\" data-id=\"17493eb4\" data-element_type=\"column\">\n\t\t\t<div class=\"elementor-widget-wrap elementor-element-populated\">\n\t\t\t\t\t\t\t\t<div class=\"elementor-element elementor-element-a6263a8 jkit-equal-height-disable elementor-widget elementor-widget-jkit_icon_box\" data-id=\"a6263a8\" data-element_type=\"widget\" data-widget_type=\"jkit_icon_box.default\">\n\t\t\t\t<div class=\"elementor-widget-container\">\n\t\t\t<div  class=\"jeg-elementor-kit jkit-icon-box icon-position-top elementor-animation- jeg_module___69ef331f71c2f\" ><div class=\"jkit-icon-box-wrapper hover-from-left\"><div class=\"icon-box icon-box-header elementor-animation-float\"><div class=\"icon style-color\"><img decoding=\"async\" src=\"https:\/\/feelfreeagency.com\/greentech\/wp-content\/uploads\/2022\/08\/icon5.png\"  alt=\"Elektroin\u0161tal\u00e1cie\"><\/div><\/div><div class=\"icon-box icon-box-body\">\n                <h3 class=\"title\">Elektroin\u0161tal\u00e1cie<\/h3><p class=\"icon-box-description\">Kompletn\u00e9 elektroin\u0161tal\u00e1cie \u010di u\u017e \u0161tandarn\u00e9 alebo inteligentn\u00e9 (KNX \u010di Loxone), taktie\u017e aj kompletn\u00fa in\u0161tal\u00e1ciu fotovoltaiky.<\/p>\n            <\/div>\n            \n            <\/div><\/div>\t\t<\/div>\n\t\t\t\t<\/div>\n\t\t\t\t\t<\/div>\n\t\t<\/div>\n\t\t\t\t<div class=\"elementor-column elementor-col-33 elementor-inner-column elementor-element elementor-element-6b1f7591\" data-id=\"6b1f7591\" data-element_type=\"column\">\n\t\t\t<div class=\"elementor-widget-wrap elementor-element-populated\">\n\t\t\t\t\t\t\t\t<div class=\"elementor-element elementor-element-4ffc0dd jkit-equal-height-disable elementor-widget elementor-widget-jkit_icon_box\" data-id=\"4ffc0dd\" data-element_type=\"widget\" data-widget_type=\"jkit_icon_box.default\">\n\t\t\t\t<div class=\"elementor-widget-container\">\n\t\t\t<div  class=\"jeg-elementor-kit jkit-icon-box icon-position-top elementor-animation- jeg_module__1_69ef331f75326\" ><div class=\"jkit-icon-box-wrapper hover-from-left\"><div class=\"icon-box icon-box-header elementor-animation-float\"><div class=\"icon style-color\"><img decoding=\"async\" src=\"https:\/\/feelfreeagency.com\/greentech\/wp-content\/uploads\/2022\/08\/icon1.png\"  alt=\"Inteligentn\u00e1 dom\u00e1cnos\u0165\"><\/div><\/div><div class=\"icon-box icon-box-body\">\n                <h3 class=\"title\">Inteligentn\u00e1 dom\u00e1cnos\u0165<\/h3><p class=\"icon-box-description\">V\u010faka\u00a0inteligentn\u00e9mu syst\u00e9mu\u00a0dok\u00e1\u017eeme posun\u00fa\u0165\u00a0komfort v\u00e1\u0161ho b\u00fdvania\u00a0na t\u00fa najvy\u0161\u0161iu \u00farove\u0148.<\/p>\n            <\/div>\n            \n            <\/div><\/div>\t\t<\/div>\n\t\t\t\t<\/div>\n\t\t\t\t\t<\/div>\n\t\t<\/div>\n\t\t\t\t<div class=\"elementor-column elementor-col-33 elementor-inner-column elementor-element elementor-element-2ae399eb\" data-id=\"2ae399eb\" data-element_type=\"column\">\n\t\t\t<div class=\"elementor-widget-wrap elementor-element-populated\">\n\t\t\t\t\t\t\t\t<div class=\"elementor-element elementor-element-3cad25e jkit-equal-height-disable elementor-widget elementor-widget-jkit_icon_box\" data-id=\"3cad25e\" data-element_type=\"widget\" data-widget_type=\"jkit_icon_box.default\">\n\t\t\t\t<div class=\"elementor-widget-container\">\n\t\t\t<div  class=\"jeg-elementor-kit jkit-icon-box icon-position-top elementor-animation- jeg_module__2_69ef331f783a8\" ><div class=\"jkit-icon-box-wrapper hover-from-left\"><div class=\"icon-box icon-box-header elementor-animation-float\"><div class=\"icon style-color\"><img decoding=\"async\" src=\"https:\/\/feelfreeagency.com\/greentech\/wp-content\/uploads\/2022\/09\/panel.png\"  alt=\"Fotovoltaika\"><\/div><\/div><div class=\"icon-box icon-box-body\">\n                <h3 class=\"title\">Fotovoltaika<\/h3><p class=\"icon-box-description\">Porad\u00edme s v\u00fdberom, zabezpe\u010d\u00edme dodanie a mont\u00e1\u017e fotovoltaiky.<\/p>\n            <\/div>\n            \n            <\/div><\/div>\t\t<\/div>\n\t\t\t\t<\/div>\n\t\t\t\t\t<\/div>\n\t\t<\/div>\n\t\t\t\t\t\t\t<\/div>\n\t\t<\/section>\n\t\t\t\t<section class=\"elementor-section elementor-inner-section elementor-element elementor-element-11330b73 elementor-section-boxed elementor-section-height-default elementor-section-height-default\" data-id=\"11330b73\" data-element_type=\"section\">\n\t\t\t\t\t\t<div class=\"elementor-container elementor-column-gap-default\">\n\t\t\t\t\t<div class=\"elementor-column elementor-col-33 elementor-inner-column elementor-element elementor-element-6e9e92d\" data-id=\"6e9e92d\" data-element_type=\"column\">\n\t\t\t<div class=\"elementor-widget-wrap elementor-element-populated\">\n\t\t\t\t\t\t\t\t<div class=\"elementor-element elementor-element-5e5fd32 jkit-equal-height-disable elementor-widget elementor-widget-jkit_icon_box\" data-id=\"5e5fd32\" data-element_type=\"widget\" data-widget_type=\"jkit_icon_box.default\">\n\t\t\t\t<div class=\"elementor-widget-container\">\n\t\t\t<div  class=\"jeg-elementor-kit jkit-icon-box icon-position-top elementor-animation- jeg_module__3_69ef331f7b0e8\" ><div class=\"jkit-icon-box-wrapper hover-from-left\"><div class=\"icon-box icon-box-header elementor-animation-float\"><div class=\"icon style-color\"><img decoding=\"async\" src=\"https:\/\/feelfreeagency.com\/greentech\/wp-content\/uploads\/2022\/09\/kurenie.png\"  alt=\"Vykurovacie syst\u00e9my\"><\/div><\/div><div class=\"icon-box icon-box-body\">\n                <h3 class=\"title\">Vykurovacie syst\u00e9my<\/h3><p class=\"icon-box-description\">Komplexn\u00e9 slu\u017eby v r\u00e1mci vykurovania  pre Va\u0161e domy, \u010di firemn\u00e9 priestory.<\/p>\n            <\/div>\n            \n            <\/div><\/div>\t\t<\/div>\n\t\t\t\t<\/div>\n\t\t\t\t\t<\/div>\n\t\t<\/div>\n\t\t\t\t<div class=\"elementor-column elementor-col-33 elementor-inner-column elementor-element elementor-element-24063475\" data-id=\"24063475\" data-element_type=\"column\">\n\t\t\t<div class=\"elementor-widget-wrap elementor-element-populated\">\n\t\t\t\t\t\t\t\t<div class=\"elementor-element elementor-element-8d2051f jkit-equal-height-disable elementor-widget elementor-widget-jkit_icon_box\" data-id=\"8d2051f\" data-element_type=\"widget\" data-widget_type=\"jkit_icon_box.default\">\n\t\t\t\t<div class=\"elementor-widget-container\">\n\t\t\t<div  class=\"jeg-elementor-kit jkit-icon-box icon-position-top elementor-animation- jeg_module__4_69ef331f7d9b8\" ><div class=\"jkit-icon-box-wrapper hover-from-left\"><div class=\"icon-box icon-box-header elementor-animation-float\"><div class=\"icon style-color\"><img decoding=\"async\" src=\"https:\/\/feelfreeagency.com\/greentech\/wp-content\/uploads\/2022\/08\/klima.png\"  alt=\"Rekuper\u00e1cie\"><\/div><\/div><div class=\"icon-box icon-box-body\">\n                <h3 class=\"title\">Rekuper\u00e1cie<\/h3><p class=\"icon-box-description\">Doprajte si s rekuper\u00e1ciou pohodu, komfort, zdrav\u00e9 prostredie a \u0161etrite n\u00e1klady na k\u00farenie.<\/p>\n            <\/div>\n            \n            <\/div><\/div>\t\t<\/div>\n\t\t\t\t<\/div>\n\t\t\t\t\t<\/div>\n\t\t<\/div>\n\t\t\t\t<div class=\"elementor-column elementor-col-33 elementor-inner-column elementor-element elementor-element-78afe313\" data-id=\"78afe313\" data-element_type=\"column\">\n\t\t\t<div class=\"elementor-widget-wrap elementor-element-populated\">\n\t\t\t\t\t\t\t\t<div class=\"elementor-element elementor-element-13a624d jkit-equal-height-disable elementor-widget elementor-widget-jkit_icon_box\" data-id=\"13a624d\" data-element_type=\"widget\" data-widget_type=\"jkit_icon_box.default\">\n\t\t\t\t<div class=\"elementor-widget-container\">\n\t\t\t<div  class=\"jeg-elementor-kit jkit-icon-box icon-position-top elementor-animation- jeg_module__5_69ef331f801c2\" ><div class=\"jkit-icon-box-wrapper hover-from-left\"><div class=\"icon-box icon-box-header elementor-animation-float\"><div class=\"icon style-color\"><img decoding=\"async\" src=\"https:\/\/feelfreeagency.com\/greentech\/wp-content\/uploads\/2022\/08\/pripojka.png\"  alt=\"Elektrick\u00e9 pr\u00edpojky\"><\/div><\/div><div class=\"icon-box icon-box-body\">\n                <h3 class=\"title\">Elektrick\u00e9 pr\u00edpojky<\/h3><p class=\"icon-box-description\">Zabezpe\u010dujeme kompletn\u00fa mont\u00e1\u017e elektrick\u00fdch pr\u00edpojok na z\u00e1klade technickej dokument\u00e1cie a Va\u0161ich po\u017eiadaviek.<\/p>\n            <\/div>\n            \n            <\/div><\/div>\t\t<\/div>\n\t\t\t\t<\/div>\n\t\t\t\t\t<\/div>\n\t\t<\/div>\n\t\t\t\t\t\t\t<\/div>\n\t\t<\/section>\n\t\t\t\t\t<\/div>\n\t\t<\/div>\n\t\t\t\t\t\t\t<\/div>\n\t\t<\/section>\n\t\t\t\t<section class=\"elementor-section elementor-top-section elementor-element elementor-element-75b4aecf elementor-section-full_width elementor-reverse-tablet elementor-reverse-mobile elementor-hidden-desktop elementor-hidden-tablet elementor-hidden-mobile elementor-section-height-default elementor-section-height-default\" data-id=\"75b4aecf\" data-element_type=\"section\" data-settings=\"{&quot;background_background&quot;:&quot;classic&quot;}\">\n\t\t\t\t\t\t<div class=\"elementor-container elementor-column-gap-default\">\n\t\t\t\t\t<div class=\"elementor-column elementor-col-50 elementor-top-column elementor-element elementor-element-186aa9d1\" data-id=\"186aa9d1\" data-element_type=\"column\">\n\t\t\t<div class=\"elementor-widget-wrap elementor-element-populated\">\n\t\t\t\t\t\t\t\t<div class=\"elementor-element elementor-element-90c47df elementor-widget__width-initial elementor-widget-tablet__width-inherit elementor-widget elementor-widget-heading\" data-id=\"90c47df\" data-element_type=\"widget\" data-widget_type=\"heading.default\">\n\t\t\t\t<div class=\"elementor-widget-container\">\n\t\t\t<h2 class=\"elementor-heading-title elementor-size-default\">\u010cast\u00e9 ot\u00e1zky<\/h2>\t\t<\/div>\n\t\t\t\t<\/div>\n\t\t\t\t<div class=\"elementor-element elementor-element-6cd1b66a elementor-widget__width-initial elementor-widget-tablet__width-inherit elementor-widget elementor-widget-jkit_accordion\" data-id=\"6cd1b66a\" data-element_type=\"widget\" data-widget_type=\"jkit_accordion.default\">\n\t\t\t\t<div class=\"elementor-widget-container\">\n\t\t\t<div  class=\"jeg-elementor-kit jkit-accordion style-default jeg_module__6_69ef331f846e9\" ><div class=\"card-wrapper expand\">\n                <div class=\"card-header\">\n                    <a href=\"#expand-aae80d4\" class=\"card-header-button\" aria-expanded=\"false\" data-target=\"#expand-aae80d4\" aria-controls=\"expand-aae80d4\">\n                        <span class=\"title\">How I can Buy ticket in Ticket Marketplace?<\/span><div class=\"right-icon-group\">\n                <div class=\"normal-icon\"><i aria-hidden=\"true\" class=\"jki jki-plus-solid\"><\/i><\/div>\n                <div class=\"active-icon\"><i aria-hidden=\"true\" class=\"jki jki-times-solid\"><\/i><\/div>\n            <\/div>\n                    <\/a>\n                <\/div>\n                <div class=\"card-expand\" id=\"expand-aae80d4\" style=\"display:block\"><div class=\"card-body\">Lorem ipsum dolor sit amet, consectetuer adipiscing elit. Aenean commodo ligula eget dolor. Aenean massa. Cum sociis natoque penatibus et magnis dis parturient.<\/div><\/div>\n            <\/div><div class=\"card-wrapper \">\n                <div class=\"card-header\">\n                    <a href=\"#expand-82fbab9\" class=\"card-header-button\" aria-expanded=\"false\" data-target=\"#expand-82fbab9\" aria-controls=\"expand-82fbab9\">\n                        <span class=\"title\">What is that not allowed to bring at the Zoo?<\/span><div class=\"right-icon-group\">\n                <div class=\"normal-icon\"><i aria-hidden=\"true\" class=\"jki jki-plus-solid\"><\/i><\/div>\n                <div class=\"active-icon\"><i aria-hidden=\"true\" class=\"jki jki-times-solid\"><\/i><\/div>\n            <\/div>\n                    <\/a>\n                <\/div>\n                <div class=\"card-expand\" id=\"expand-82fbab9\" style=\"display:none\"><div class=\"card-body\">Lorem ipsum dolor sit amet, consectetuer adipiscing elit. Aenean commodo ligula eget dolor. Aenean massa. Cum sociis natoque penatibus et magnis dis parturient.<\/div><\/div>\n            <\/div><div class=\"card-wrapper \">\n                <div class=\"card-header\">\n                    <a href=\"#expand-f4fc474\" class=\"card-header-button\" aria-expanded=\"false\" data-target=\"#expand-f4fc474\" aria-controls=\"expand-f4fc474\">\n                        <span class=\"title\">How I can Request refund the ticket?<\/span><div class=\"right-icon-group\">\n                <div class=\"normal-icon\"><i aria-hidden=\"true\" class=\"jki jki-plus-solid\"><\/i><\/div>\n                <div class=\"active-icon\"><i aria-hidden=\"true\" class=\"jki jki-times-solid\"><\/i><\/div>\n            <\/div>\n                    <\/a>\n                <\/div>\n                <div class=\"card-expand\" id=\"expand-f4fc474\" style=\"display:none\"><div class=\"card-body\">Lorem ipsum dolor sit amet, consectetuer adipiscing elit. Aenean commodo ligula eget dolor. Aenean massa. Cum sociis natoque penatibus et magnis dis parturient.<\/div><\/div>\n            <\/div><div class=\"card-wrapper \">\n                <div class=\"card-header\">\n                    <a href=\"#expand-1658bb3\" class=\"card-header-button\" aria-expanded=\"false\" data-target=\"#expand-1658bb3\" aria-controls=\"expand-1658bb3\">\n                        <span class=\"title\">How I can Request refund the ticket?<\/span><div class=\"right-icon-group\">\n                <div class=\"normal-icon\"><i aria-hidden=\"true\" class=\"jki jki-plus-solid\"><\/i><\/div>\n                <div class=\"active-icon\"><i aria-hidden=\"true\" class=\"jki jki-times-solid\"><\/i><\/div>\n            <\/div>\n                    <\/a>\n                <\/div>\n                <div class=\"card-expand\" id=\"expand-1658bb3\" style=\"display:none\"><div class=\"card-body\">Lorem ipsum dolor sit amet, consectetuer adipiscing elit. Aenean commodo ligula eget dolor. Aenean massa. Cum sociis natoque penatibus et magnis dis parturient.<\/div><\/div>\n            <\/div><\/div>\t\t<\/div>\n\t\t\t\t<\/div>\n\t\t\t\t\t<\/div>\n\t\t<\/div>\n\t\t\t\t<div class=\"elementor-column elementor-col-50 elementor-top-column elementor-element elementor-element-2098d33c\" data-id=\"2098d33c\" data-element_type=\"column\" data-settings=\"{&quot;background_background&quot;:&quot;classic&quot;}\">\n\t\t\t<div class=\"elementor-widget-wrap elementor-element-populated\">\n\t\t\t\t\t\t\t\t<section class=\"elementor-section elementor-inner-section elementor-element elementor-element-4a6caffa elementor-hidden-phone elementor-section-boxed elementor-section-height-default elementor-section-height-default\" data-id=\"4a6caffa\" data-element_type=\"section\">\n\t\t\t\t\t\t<div class=\"elementor-container elementor-column-gap-default\">\n\t\t\t\t\t<div class=\"elementor-column elementor-col-50 elementor-inner-column elementor-element elementor-element-7859f457\" data-id=\"7859f457\" data-element_type=\"column\">\n\t\t\t<div class=\"elementor-widget-wrap elementor-element-populated\">\n\t\t\t\t\t\t\t\t<div class=\"elementor-element elementor-element-296bd1d5 elementor-widget__width-initial elementor-absolute elementor-widget-mobile__width-initial elementor-hidden-phone elementor-widget-tablet__width-initial elementor-widget elementor-widget-image\" data-id=\"296bd1d5\" data-element_type=\"widget\" data-settings=\"{&quot;_position&quot;:&quot;absolute&quot;}\" data-widget_type=\"image.default\">\n\t\t\t\t<div class=\"elementor-widget-container\">\n\t\t\t<style>\/*! elementor - v3.7.2 - 21-08-2022 *\/\n.elementor-widget-image{text-align:center}.elementor-widget-image a{display:inline-block}.elementor-widget-image a img[src$=\".svg\"]{width:48px}.elementor-widget-image img{vertical-align:middle;display:inline-block}<\/style>\t\t\t\t\t\t\t\t\t\t\t\t<img loading=\"lazy\" decoding=\"async\" width=\"750\" height=\"501\" src=\"https:\/\/feelfreeagency.com\/greentech\/wp-content\/uploads\/2022\/08\/controlling-smart-home-with-a-digital-tablet-2021-08-31-08-42-16-utc-1024x684.jpeg\" class=\"attachment-large size-large\" alt=\"\" srcset=\"https:\/\/feelfreeagency.com\/greentech\/wp-content\/uploads\/2022\/08\/controlling-smart-home-with-a-digital-tablet-2021-08-31-08-42-16-utc-1024x684.jpeg 1024w, https:\/\/feelfreeagency.com\/greentech\/wp-content\/uploads\/2022\/08\/controlling-smart-home-with-a-digital-tablet-2021-08-31-08-42-16-utc-300x200.jpeg 300w, https:\/\/feelfreeagency.com\/greentech\/wp-content\/uploads\/2022\/08\/controlling-smart-home-with-a-digital-tablet-2021-08-31-08-42-16-utc-768x513.jpeg 768w, https:\/\/feelfreeagency.com\/greentech\/wp-content\/uploads\/2022\/08\/controlling-smart-home-with-a-digital-tablet-2021-08-31-08-42-16-utc-1536x1025.jpeg 1536w, https:\/\/feelfreeagency.com\/greentech\/wp-content\/uploads\/2022\/08\/controlling-smart-home-with-a-digital-tablet-2021-08-31-08-42-16-utc-2048x1367.jpeg 2048w, https:\/\/feelfreeagency.com\/greentech\/wp-content\/uploads\/2022\/08\/controlling-smart-home-with-a-digital-tablet-2021-08-31-08-42-16-utc-1568x1047.jpeg 1568w\" sizes=\"auto, (max-width: 750px) 100vw, 750px\" style=\"width:100%;height:66.76%;max-width:2208px\" \/>\t\t\t\t\t\t\t\t\t\t\t\t\t\t\t<\/div>\n\t\t\t\t<\/div>\n\t\t\t\t<div class=\"elementor-element elementor-element-8898d31 elementor-hidden-phone elementor-widget elementor-widget-spacer\" data-id=\"8898d31\" data-element_type=\"widget\" data-widget_type=\"spacer.default\">\n\t\t\t\t<div class=\"elementor-widget-container\">\n\t\t\t<style>\/*! elementor - v3.7.2 - 21-08-2022 *\/\n.elementor-column .elementor-spacer-inner{height:var(--spacer-size)}.e-container{--container-widget-width:100%}.e-container>.elementor-widget-spacer{width:var(--container-widget-width,var(--spacer-size));-ms-flex-item-align:stretch;align-self:stretch;-ms-flex-negative:0;flex-shrink:0}.e-container>.elementor-widget-spacer>.elementor-widget-container,.e-container>.elementor-widget-spacer>.elementor-widget-container>.elementor-spacer{height:100%}.e-container>.elementor-widget-spacer>.elementor-widget-container>.elementor-spacer>.elementor-spacer-inner{height:var(--container-widget-height,var(--spacer-size))}<\/style>\t\t<div class=\"elementor-spacer\">\n\t\t\t<div class=\"elementor-spacer-inner\"><\/div>\n\t\t<\/div>\n\t\t\t\t<\/div>\n\t\t\t\t<\/div>\n\t\t\t\t\t<\/div>\n\t\t<\/div>\n\t\t\t\t<div class=\"elementor-column elementor-col-50 elementor-inner-column elementor-element elementor-element-215f033 elementor-hidden-phone elementor-hidden-tablet\" data-id=\"215f033\" data-element_type=\"column\" data-settings=\"{&quot;background_background&quot;:&quot;classic&quot;}\">\n\t\t\t<div class=\"elementor-widget-wrap\">\n\t\t\t\t\t\t\t\t\t<\/div>\n\t\t<\/div>\n\t\t\t\t\t\t\t<\/div>\n\t\t<\/section>\n\t\t\t\t\t<\/div>\n\t\t<\/div>\n\t\t\t\t\t\t\t<\/div>\n\t\t<\/section>\n\t\t\t\t\t\t\t<\/div>\n\t\t","protected":false},"excerpt":{"rendered":"<p>Slu\u017eby Presk\u00famajte nami pon\u00fakan\u00fa ponuku slu\u017eieb Na\u0161e slu\u017eby Na\u0161a spolo\u010dnos\u0165 pon\u00faka z\u00e1kazn\u00edkom \u0161irok\u00e9 spektrum slu\u017eieb s cie\u013eom vyhovie\u0165 i t\u00fdm najn\u00e1ro\u010dnej\u0161\u00edm. Vyberte si z na\u0161ej ponuky slu\u017eieb a v pr\u00edpade ak\u00fdchko\u013evek ot\u00e1zok n\u00e1s nev\u00e1hajte kontakova\u0165. Elektroin\u0161tal\u00e1cie Kompletn\u00e9 elektroin\u0161tal\u00e1cie \u010di u\u017e \u0161tandarn\u00e9 alebo inteligentn\u00e9 (KNX \u010di Loxone), taktie\u017e aj kompletn\u00fa in\u0161tal\u00e1ciu fotovoltaiky. Inteligentn\u00e1 dom\u00e1cnos\u0165 V\u010faka\u00a0inteligentn\u00e9mu syst\u00e9mu\u00a0dok\u00e1\u017eeme&hellip; <a class=\"more-link\" href=\"https:\/\/feelfreeagency.com\/greentech\/sluzby\/\">Pokra\u010dova\u0165 v \u010d\u00edtan\u00ed <span class=\"screen-reader-text\">Slu\u017eby<\/span><\/a><\/p>\n","protected":false},"author":1,"featured_media":0,"parent":0,"menu_order":0,"comment_status":"closed","ping_status":"closed","template":"elementor_header_footer","meta":{"footnotes":""},"class_list":["post-128","page","type-page","status-publish","hentry","entry"],"_links":{"self":[{"href":"https:\/\/feelfreeagency.com\/greentech\/wp-json\/wp\/v2\/pages\/128","targetHints":{"allow":["GET"]}}],"collection":[{"href":"https:\/\/feelfreeagency.com\/greentech\/wp-json\/wp\/v2\/pages"}],"about":[{"href":"https:\/\/feelfreeagency.com\/greentech\/wp-json\/wp\/v2\/types\/page"}],"author":[{"embeddable":true,"href":"https:\/\/feelfreeagency.com\/greentech\/wp-json\/wp\/v2\/users\/1"}],"replies":[{"embeddable":true,"href":"https:\/\/feelfreeagency.com\/greentech\/wp-json\/wp\/v2\/comments?post=128"}],"version-history":[{"count":20,"href":"https:\/\/feelfreeagency.com\/greentech\/wp-json\/wp\/v2\/pages\/128\/revisions"}],"predecessor-version":[{"id":318,"href":"https:\/\/feelfreeagency.com\/greentech\/wp-json\/wp\/v2\/pages\/128\/revisions\/318"}],"wp:attachment":[{"href":"https:\/\/feelfreeagency.com\/greentech\/wp-json\/wp\/v2\/media?parent=128"}],"curies":[{"name":"wp","href":"https:\/\/api.w.org\/{rel}","templated":true}]}}