{"id":122,"date":"2022-08-27T18:00:27","date_gmt":"2022-08-27T16:00:27","guid":{"rendered":"https:\/\/feelfreeagency.com\/greentech\/?page_id=122"},"modified":"2022-08-30T19:04:24","modified_gmt":"2022-08-30T17:04:24","slug":"o-spolocnosti","status":"publish","type":"page","link":"https:\/\/feelfreeagency.com\/greentech\/o-spolocnosti\/","title":{"rendered":"O spolo\u010dnosti"},"content":{"rendered":"\t\t<div data-elementor-type=\"wp-page\" data-elementor-id=\"122\" class=\"elementor elementor-122\">\n\t\t\t\t\t\t\t\t\t<section class=\"elementor-section elementor-top-section elementor-element elementor-element-13a024e9 elementor-section-boxed elementor-section-height-default elementor-section-height-default\" data-id=\"13a024e9\" data-element_type=\"section\" data-settings=\"{&quot;background_background&quot;:&quot;classic&quot;}\">\n\t\t\t\t\t\t\t<div class=\"elementor-background-overlay\"><\/div>\n\t\t\t\t\t\t\t<div class=\"elementor-container elementor-column-gap-no\">\n\t\t\t\t\t<div class=\"elementor-column elementor-col-100 elementor-top-column elementor-element elementor-element-10d2d762\" data-id=\"10d2d762\" data-element_type=\"column\">\n\t\t\t<div class=\"elementor-widget-wrap elementor-element-populated\">\n\t\t\t\t\t\t\t\t<div class=\"elementor-element elementor-element-5e74dff4 elementor-widget elementor-widget-heading\" data-id=\"5e74dff4\" data-element_type=\"widget\" data-widget_type=\"heading.default\">\n\t\t\t\t<div class=\"elementor-widget-container\">\n\t\t\t<style>\/*! elementor - v3.7.2 - 21-08-2022 *\/\n.elementor-heading-title{padding:0;margin:0;line-height:1}.elementor-widget-heading .elementor-heading-title[class*=elementor-size-]>a{color:inherit;font-size:inherit;line-height:inherit}.elementor-widget-heading .elementor-heading-title.elementor-size-small{font-size:15px}.elementor-widget-heading .elementor-heading-title.elementor-size-medium{font-size:19px}.elementor-widget-heading .elementor-heading-title.elementor-size-large{font-size:29px}.elementor-widget-heading .elementor-heading-title.elementor-size-xl{font-size:39px}.elementor-widget-heading .elementor-heading-title.elementor-size-xxl{font-size:59px}<\/style><h2 class=\"elementor-heading-title elementor-size-default\">O spolo\u010dnosti<\/h2>\t\t<\/div>\n\t\t\t\t<\/div>\n\t\t\t\t\t<\/div>\n\t\t<\/div>\n\t\t\t\t\t\t\t<\/div>\n\t\t<\/section>\n\t\t\t\t<section class=\"elementor-section elementor-top-section elementor-element elementor-element-615260e5 elementor-section-boxed elementor-section-height-default elementor-section-height-default\" data-id=\"615260e5\" data-element_type=\"section\" data-settings=\"{&quot;background_background&quot;:&quot;classic&quot;}\">\n\t\t\t\t\t\t<div class=\"elementor-container elementor-column-gap-no\">\n\t\t\t\t\t<div class=\"elementor-column elementor-col-100 elementor-top-column elementor-element elementor-element-3e02d9db\" data-id=\"3e02d9db\" data-element_type=\"column\">\n\t\t\t<div class=\"elementor-widget-wrap elementor-element-populated\">\n\t\t\t\t\t\t\t\t<div class=\"elementor-element elementor-element-71b49d7a elementor-widget elementor-widget-heading\" data-id=\"71b49d7a\" data-element_type=\"widget\" data-widget_type=\"heading.default\">\n\t\t\t\t<div class=\"elementor-widget-container\">\n\t\t\t<h2 class=\"elementor-heading-title elementor-size-default\">O n\u00e1s<\/h2>\t\t<\/div>\n\t\t\t\t<\/div>\n\t\t\t\t<div class=\"elementor-element elementor-element-2b034ad2 elementor-widget elementor-widget-text-editor\" data-id=\"2b034ad2\" data-element_type=\"widget\" data-widget_type=\"text-editor.default\">\n\t\t\t\t<div class=\"elementor-widget-container\">\n\t\t\t<style>\/*! elementor - v3.7.2 - 21-08-2022 *\/\n.elementor-widget-text-editor.elementor-drop-cap-view-stacked .elementor-drop-cap{background-color:#818a91;color:#fff}.elementor-widget-text-editor.elementor-drop-cap-view-framed .elementor-drop-cap{color:#818a91;border:3px solid;background-color:transparent}.elementor-widget-text-editor:not(.elementor-drop-cap-view-default) .elementor-drop-cap{margin-top:8px}.elementor-widget-text-editor:not(.elementor-drop-cap-view-default) .elementor-drop-cap-letter{width:1em;height:1em}.elementor-widget-text-editor .elementor-drop-cap{float:left;text-align:center;line-height:1;font-size:50px}.elementor-widget-text-editor .elementor-drop-cap-letter{display:inline-block}<\/style>\t\t\t\t<p class=\"p1\">Realizujeme kompletn\u00e9\u00a0elektroin\u0161tala\u010dn\u00e9 pr\u00e1ce v\u00a0 obchodn\u00fdch priestoroch, administrat\u00edvnych\u00a0<span style=\"color: var( --e-global-color-text ); font-family: var( --e-global-typography-text-font-family ), Sans-serif; font-size: var( --e-global-typography-text-font-size ); font-weight: var( --e-global-typography-text-font-weight ); background-color: var( --e-global-color-c7c45ce );\">a\u00a0priemyseln\u00fdch budov\u00e1ch,\u00a0skladov\u00fdch\u00a0a\u00a0v\u00fdrobn\u00fdch hal\u00e1ch,\u00a0\u00a0v bytoch , rodinn\u00fdch domoch\u00a0a\u00a0objektoch sl\u00fa\u017eiacich r\u00f4znym \u00fa\u010delom \u010di u\u017e sa jedn\u00e1 o rekrea\u010dn\u00e9 chaty, z\u00e1hradn\u00e9 dom\u010deky \u010di multifunk\u010dn\u00e9 priestory. M\u00e1me \u0161irok\u00e9 sk\u00fasenosti\u00a0s\u00a0ve\u013ek\u00fdmi\u00a0a\u00a0technicky\u00a0n\u00e1ro\u010dn\u00fdmi developersk\u00fdmi\u00a0 projektami ale aj s mnoho rodinn\u00fdmi domami \u010di bytmi.<\/span><\/p><p class=\"p1\">V r\u00e1mci pr\u00edpravn\u00fdch pr\u00e1c odborne pos\u00fadime stav nehnute\u013enosti\u00a0a\u00a0pon\u00fakneme v\u00e1m rie\u0161enie na mieru v z\u00e1vislosti na Va\u0161om rozpo\u010dte a predstave.<\/p><p>Na\u0161a spolo\u010dnos\u0165 sa zaober\u00e1 taktie\u017e in\u0161tal\u00e1ciou <strong>inteligentn\u00fdch (smart) domov<\/strong>.<\/p><p class=\"p1\">V\u010faka jednej aplik\u00e1cii\u00a0s\u00a0prekvapivo intuit\u00edvnym ovl\u00e1dan\u00edm\u00a0 m\u00f4\u017eete ovl\u00e1da\u0165\u00a0a\u00a0regulova\u0165:<\/p><ul class=\"ul1\"><li class=\"li1\"><strong>K\u00farenie\u00a0a\u00a0chladenie<\/strong>: z\u00f3nov\u00e1 regul\u00e1cia teploty, meranie spotreby energie, minimalizovanie rozdielov medzi aktu\u00e1lnou\u00a0a\u00a0po\u017eadovanou teplotou, preh\u013eadn\u00e9 grafy tepl\u00f4t\u00a0a\u00a0stavu ostatn\u00fdch zariaden\u00ed\u00a0a\u00a0\u010fal\u0161ie funkcie.<\/li><li class=\"li1\"><strong>Tienenie:<\/strong> akt\u00edvna ochrana pred vetrom, prisp\u00f4sobenie sklonu \u017eal\u00fazi\u00ed pod\u013ea polohy slnka (maxim\u00e1lny jas bez priamych slne\u010dn\u00fdch l\u00fa\u010dov, zoh\u013eadnenie potrieb chladenia alebo k\u00farenia \u2013 maxim\u00e1lna energetick\u00e1 efekt\u00edvnos\u0165)\u00a0a\u00a0\u010fal\u0161ie funkcie.<\/li><li class=\"li1\"><strong>Osvetlenie:<\/strong> mo\u017enos\u0165 spoji\u0165 viacero svetiel do sveteln\u00fdch sc\u00e9n \u2013 odpad\u00e1 potreba ru\u010dne ovl\u00e1da\u0165 svetl\u00e1, mo\u017enos\u0165 nastavi\u0165 n\u00e1hodn\u00e9 zap\u00ednanie\u00a0a\u00a0vyp\u00ednanie svetiel (ochrana proti zlodejom\u00a0v\u00a0pr\u00edpade, \u017ee nie ste doma). kompatibilita\u00a0s\u00a0ak\u00fdmiko\u013evek vyp\u00edna\u010dmi<\/li><li class=\"li1\"><strong>Vetranie:<\/strong> syst\u00e9m upravuje intenzitu vetrania na z\u00e1klade monitoringu kvality vzduchu<\/li><li class=\"li1\"><strong>Zavla\u017eovanie:<\/strong> spr\u00e1vne zavla\u017eovanie bez poklesu tlaku vody<\/li><li class=\"li1\"><strong>Baz\u00e9ny:<\/strong> ovl\u00e1danie kvality vody, teploty, osvetlenia\u00a0a\u00a0filtra\u010dn\u00e9ho \u010derpadla na dia\u013eku<\/li><\/ul><p>V r\u00e1mci poskytovan\u00fdch slu\u017eieb taktie\u017e poskytujeme mont\u00e1\u017e \/ in\u0161tal\u00e1ciu plynov\u00fdch kotlov \u010di tepeln\u00fdch \u010derpadiel. Doporu\u010d\u00edme V\u00e1m na z\u00e1klade obhliadky modern\u00e9 rie\u0161enie, ktor\u00e9 je mo\u017en\u00e9 namontova\u0165 aj v starom dome alebo v byte. Pri mont\u00e1\u017ei a servise tepeln\u00fdch \u010derpadiel postupujeme v s\u00falade s po\u017eiadavkami z\u00e1kazn\u00edka. V\u017edy berieme do \u00favahy v\u00e1\u0161 poh\u013ead a h\u013ead\u00e1me optim\u00e1lne rie\u0161enia. Pri pr\u00e1ci pou\u017e\u00edvame \u0161pi\u010dkov\u00e9 vybavenie.<\/p><p>\u00a0<\/p><p>Taktie\u017e V\u00e1m poskytujeme mont\u00e1\u017e rekupera\u010dn\u00e9ho syst\u00e9mu, ktor\u00fd zabezpe\u010duje kontrolovan\u00e9 vetranie budov so sp\u00e4tn\u00fdm z\u00edskavan\u00edm tepla. Prin\u00e1\u0161a mnoho v\u00fdhod, ktor\u00e9 zvy\u0161uj\u00fa komfort a pohodlie \u013eud\u00ed a zni\u017euj\u00fa n\u00e1klady na prev\u00e1dzku budovy.<\/p><p>Rekuper\u00e1cia je d\u00f4le\u017eit\u00e1 predov\u0161etk\u00fdm v\u00a0novostavb\u00e1ch a\u00a0rekon\u0161truovan\u00fdch budov\u00e1ch, ktor\u00e9 sa izoluj\u00fa a\u00a0utes\u0148uj\u00fa sa v\u00a0nich \u0161p\u00e1ry, \u010d\u00edm sa st\u00e1vaj\u00fa vzduchotesn\u00e9. Tieto opatrenia s\u00fa finan\u010dne n\u00e1ro\u010dn\u00e9 a\u00a0ich cie\u013eom je \u0161etri\u0165 energie. Aby sa u\u0161etren\u00e1 energia nestratila pri vetran\u00ed oknami, je ide\u00e1lne vetra\u0165 prostredn\u00edctvom rekupera\u010dnej vetracej jednotky, v\u00a0ktorej pou\u017eit\u00fd vzduch ohrieva \u010derstv\u00fd. Takto sa nielen zlep\u0161\u00ed celkov\u00e1 energetick\u00e1 bilancia budovy, ale sa z\u00e1rove\u0148 zabezpe\u010d\u00ed zdrav\u00e1 a\u00a0komfortn\u00e1 kl\u00edma.<\/p>\t\t\t\t\t\t<\/div>\n\t\t\t\t<\/div>\n\t\t\t\t\t<\/div>\n\t\t<\/div>\n\t\t\t\t\t\t\t<\/div>\n\t\t<\/section>\n\t\t\t\t<section class=\"elementor-section elementor-top-section elementor-element elementor-element-e3234cc elementor-section-boxed elementor-section-height-default elementor-section-height-default\" data-id=\"e3234cc\" data-element_type=\"section\" data-settings=\"{&quot;background_background&quot;:&quot;classic&quot;}\">\n\t\t\t\t\t\t<div class=\"elementor-container elementor-column-gap-no\">\n\t\t\t\t\t<div class=\"elementor-column elementor-col-100 elementor-top-column elementor-element elementor-element-f447b2a\" data-id=\"f447b2a\" data-element_type=\"column\">\n\t\t\t<div class=\"elementor-widget-wrap elementor-element-populated\">\n\t\t\t\t\t\t\t\t<div class=\"elementor-element elementor-element-d888cf9 elementor-widget elementor-widget-text-editor\" data-id=\"d888cf9\" data-element_type=\"widget\" data-widget_type=\"text-editor.default\">\n\t\t\t\t<div class=\"elementor-widget-container\">\n\t\t\t\t\t\t\t<p>Ako pracujeme?<\/p>\t\t\t\t\t\t<\/div>\n\t\t\t\t<\/div>\n\t\t\t\t<div class=\"elementor-element elementor-element-f87c8fa elementor-widget elementor-widget-heading\" data-id=\"f87c8fa\" data-element_type=\"widget\" data-widget_type=\"heading.default\">\n\t\t\t\t<div class=\"elementor-widget-container\">\n\t\t\t<h2 class=\"elementor-heading-title elementor-size-default\">Ako prebieha na\u0161a pr\u00e1ca?<\/h2>\t\t<\/div>\n\t\t\t\t<\/div>\n\t\t\t\t<div class=\"elementor-element elementor-element-ebd6839 elementor-widget elementor-widget-text-editor\" data-id=\"ebd6839\" data-element_type=\"widget\" data-widget_type=\"text-editor.default\">\n\t\t\t\t<div class=\"elementor-widget-container\">\n\t\t\t\t\t\t\t<p>Najd\u00f4le\u017eitej\u0161ia je pre n\u00e1s Va\u0161a spokojnos\u0165 a preto db\u00e1me na ka\u017ed\u00fd detail na\u0161ej pr\u00e1ce tak, aby ste n\u00e1s s rados\u0165ou odpor\u00fa\u010dali.<\/p>\t\t\t\t\t\t<\/div>\n\t\t\t\t<\/div>\n\t\t\t\t<section class=\"elementor-section elementor-inner-section elementor-element elementor-element-4d1fd6b elementor-section-boxed elementor-section-height-default elementor-section-height-default\" data-id=\"4d1fd6b\" data-element_type=\"section\">\n\t\t\t\t\t\t<div class=\"elementor-container elementor-column-gap-no\">\n\t\t\t\t\t<div class=\"elementor-column elementor-col-33 elementor-inner-column elementor-element elementor-element-3a886b3 animated-slow elementor-invisible\" data-id=\"3a886b3\" data-element_type=\"column\" data-settings=\"{&quot;animation&quot;:&quot;fadeInLeft&quot;}\">\n\t\t\t<div class=\"elementor-widget-wrap elementor-element-populated\">\n\t\t\t\t\t\t\t\t<div class=\"elementor-element elementor-element-f1b8250 elementor-widget elementor-widget-heading\" data-id=\"f1b8250\" data-element_type=\"widget\" data-widget_type=\"heading.default\">\n\t\t\t\t<div class=\"elementor-widget-container\">\n\t\t\t<span class=\"elementor-heading-title elementor-size-default\">01<\/span>\t\t<\/div>\n\t\t\t\t<\/div>\n\t\t\t\t<div class=\"elementor-element elementor-element-5332c53 elementor-absolute elementor-hidden-tablet elementor-hidden-phone elementor-widget-divider--view-line elementor-widget elementor-widget-divider\" data-id=\"5332c53\" data-element_type=\"widget\" data-settings=\"{&quot;_position&quot;:&quot;absolute&quot;}\" data-widget_type=\"divider.default\">\n\t\t\t\t<div class=\"elementor-widget-container\">\n\t\t\t<style>\/*! elementor - v3.7.2 - 21-08-2022 *\/\n.elementor-widget-divider{--divider-border-style:none;--divider-border-width:1px;--divider-color:#2c2c2c;--divider-icon-size:20px;--divider-element-spacing:10px;--divider-pattern-height:24px;--divider-pattern-size:20px;--divider-pattern-url:none;--divider-pattern-repeat:repeat-x}.elementor-widget-divider .elementor-divider{display:-webkit-box;display:-ms-flexbox;display:flex}.elementor-widget-divider .elementor-divider__text{font-size:15px;line-height:1;max-width:95%}.elementor-widget-divider .elementor-divider__element{margin:0 var(--divider-element-spacing);-ms-flex-negative:0;flex-shrink:0}.elementor-widget-divider .elementor-icon{font-size:var(--divider-icon-size)}.elementor-widget-divider .elementor-divider-separator{display:-webkit-box;display:-ms-flexbox;display:flex;margin:0;direction:ltr}.elementor-widget-divider--view-line_icon .elementor-divider-separator,.elementor-widget-divider--view-line_text .elementor-divider-separator{-webkit-box-align:center;-ms-flex-align:center;align-items:center}.elementor-widget-divider--view-line_icon .elementor-divider-separator:after,.elementor-widget-divider--view-line_icon .elementor-divider-separator:before,.elementor-widget-divider--view-line_text .elementor-divider-separator:after,.elementor-widget-divider--view-line_text .elementor-divider-separator:before{display:block;content:\"\";border-bottom:0;-webkit-box-flex:1;-ms-flex-positive:1;flex-grow:1;border-top:var(--divider-border-width) var(--divider-border-style) var(--divider-color)}.elementor-widget-divider--element-align-left .elementor-divider .elementor-divider-separator>.elementor-divider__svg:first-of-type{-webkit-box-flex:0;-ms-flex-positive:0;flex-grow:0;-ms-flex-negative:100;flex-shrink:100}.elementor-widget-divider--element-align-left .elementor-divider-separator:before{content:none}.elementor-widget-divider--element-align-left .elementor-divider__element{margin-left:0}.elementor-widget-divider--element-align-right .elementor-divider .elementor-divider-separator>.elementor-divider__svg:last-of-type{-webkit-box-flex:0;-ms-flex-positive:0;flex-grow:0;-ms-flex-negative:100;flex-shrink:100}.elementor-widget-divider--element-align-right .elementor-divider-separator:after{content:none}.elementor-widget-divider--element-align-right .elementor-divider__element{margin-right:0}.elementor-widget-divider:not(.elementor-widget-divider--view-line_text):not(.elementor-widget-divider--view-line_icon) .elementor-divider-separator{border-top:var(--divider-border-width) var(--divider-border-style) var(--divider-color)}.elementor-widget-divider--separator-type-pattern{--divider-border-style:none}.elementor-widget-divider--separator-type-pattern.elementor-widget-divider--view-line .elementor-divider-separator,.elementor-widget-divider--separator-type-pattern:not(.elementor-widget-divider--view-line) .elementor-divider-separator:after,.elementor-widget-divider--separator-type-pattern:not(.elementor-widget-divider--view-line) .elementor-divider-separator:before,.elementor-widget-divider--separator-type-pattern:not([class*=elementor-widget-divider--view]) .elementor-divider-separator{width:100%;min-height:var(--divider-pattern-height);-webkit-mask-size:var(--divider-pattern-size) 100%;mask-size:var(--divider-pattern-size) 100%;-webkit-mask-repeat:var(--divider-pattern-repeat);mask-repeat:var(--divider-pattern-repeat);background-color:var(--divider-color);-webkit-mask-image:var(--divider-pattern-url);mask-image:var(--divider-pattern-url)}.elementor-widget-divider--no-spacing{--divider-pattern-size:auto}.elementor-widget-divider--bg-round{--divider-pattern-repeat:round}.rtl .elementor-widget-divider .elementor-divider__text{direction:rtl}.e-container>.elementor-widget-divider{width:var(--container-widget-width,100%);--flex-grow:var(--container-widget-flex-grow,0)}<\/style>\t\t<div class=\"elementor-divider\">\n\t\t\t<span class=\"elementor-divider-separator\">\n\t\t\t\t\t\t<\/span>\n\t\t<\/div>\n\t\t\t\t<\/div>\n\t\t\t\t<\/div>\n\t\t\t\t<div class=\"elementor-element elementor-element-08847f5 jkit-equal-height-disable elementor-widget elementor-widget-jkit_icon_box\" data-id=\"08847f5\" data-element_type=\"widget\" data-widget_type=\"jkit_icon_box.default\">\n\t\t\t\t<div class=\"elementor-widget-container\">\n\t\t\t<div  class=\"jeg-elementor-kit jkit-icon-box icon-position-top elementor-animation- jeg_module___69ece37741b10\" ><div class=\"jkit-icon-box-wrapper hover-from-left\"><div class=\"icon-box icon-box-body\">\n                <h3 class=\"title\">Konzult\u00e1cia<\/h3><p class=\"icon-box-description\">Konzult\u00e1cia je k\u013e\u00fa\u010dov\u00fdm krokom na\u0161ej spolupr\u00e1ce, po\u010das ktorej si vyjasn\u00edme jednotliv\u00e9 potreby, kroky pr\u00e1ce a zadefinujeme po\u017eiadavky.<\/p>\n            <\/div>\n            \n            <\/div><\/div>\t\t<\/div>\n\t\t\t\t<\/div>\n\t\t\t\t\t<\/div>\n\t\t<\/div>\n\t\t\t\t<div class=\"elementor-column elementor-col-33 elementor-inner-column elementor-element elementor-element-92a6579 animated-slow elementor-invisible\" data-id=\"92a6579\" data-element_type=\"column\" data-settings=\"{&quot;animation&quot;:&quot;fadeInLeft&quot;,&quot;animation_delay&quot;:20}\">\n\t\t\t<div class=\"elementor-widget-wrap elementor-element-populated\">\n\t\t\t\t\t\t\t\t<div class=\"elementor-element elementor-element-657dddf elementor-widget elementor-widget-heading\" data-id=\"657dddf\" data-element_type=\"widget\" data-widget_type=\"heading.default\">\n\t\t\t\t<div class=\"elementor-widget-container\">\n\t\t\t<span class=\"elementor-heading-title elementor-size-default\">02<\/span>\t\t<\/div>\n\t\t\t\t<\/div>\n\t\t\t\t<div class=\"elementor-element elementor-element-f220540 jkit-equal-height-disable elementor-widget elementor-widget-jkit_icon_box\" data-id=\"f220540\" data-element_type=\"widget\" data-widget_type=\"jkit_icon_box.default\">\n\t\t\t\t<div class=\"elementor-widget-container\">\n\t\t\t<div  class=\"jeg-elementor-kit jkit-icon-box icon-position-top elementor-animation- jeg_module__1_69ece37745933\" ><div class=\"jkit-icon-box-wrapper hover-from-left\"><div class=\"icon-box icon-box-body\">\n                <h3 class=\"title\">Cenov\u00e1 ponuka<\/h3><p class=\"icon-box-description\">Priprav\u00edme V\u00e1m cenov\u00fa ponuku na z\u00e1klade Va\u0161ich po\u017eiadaviek, tak aby vyhovala Vami stanov\u00e9mu rozpo\u010dtu.<\/p>\n            <\/div>\n            \n            <\/div><\/div>\t\t<\/div>\n\t\t\t\t<\/div>\n\t\t\t\t<div class=\"elementor-element elementor-element-cf3a8cb elementor-absolute elementor-hidden-tablet elementor-hidden-phone elementor-widget-divider--view-line elementor-widget elementor-widget-divider\" data-id=\"cf3a8cb\" data-element_type=\"widget\" data-settings=\"{&quot;_position&quot;:&quot;absolute&quot;}\" data-widget_type=\"divider.default\">\n\t\t\t\t<div class=\"elementor-widget-container\">\n\t\t\t\t\t<div class=\"elementor-divider\">\n\t\t\t<span class=\"elementor-divider-separator\">\n\t\t\t\t\t\t<\/span>\n\t\t<\/div>\n\t\t\t\t<\/div>\n\t\t\t\t<\/div>\n\t\t\t\t\t<\/div>\n\t\t<\/div>\n\t\t\t\t<div class=\"elementor-column elementor-col-33 elementor-inner-column elementor-element elementor-element-e4423db animated-slow elementor-invisible\" data-id=\"e4423db\" data-element_type=\"column\" data-settings=\"{&quot;animation&quot;:&quot;fadeInLeft&quot;,&quot;animation_delay&quot;:40}\">\n\t\t\t<div class=\"elementor-widget-wrap elementor-element-populated\">\n\t\t\t\t\t\t\t\t<div class=\"elementor-element elementor-element-e41cb79 elementor-widget elementor-widget-heading\" data-id=\"e41cb79\" data-element_type=\"widget\" data-widget_type=\"heading.default\">\n\t\t\t\t<div class=\"elementor-widget-container\">\n\t\t\t<span class=\"elementor-heading-title elementor-size-default\">03<\/span>\t\t<\/div>\n\t\t\t\t<\/div>\n\t\t\t\t<div class=\"elementor-element elementor-element-74bbfae jkit-equal-height-disable elementor-widget elementor-widget-jkit_icon_box\" data-id=\"74bbfae\" data-element_type=\"widget\" data-widget_type=\"jkit_icon_box.default\">\n\t\t\t\t<div class=\"elementor-widget-container\">\n\t\t\t<div  class=\"jeg-elementor-kit jkit-icon-box icon-position-top elementor-animation- jeg_module__2_69ece3774a430\" ><div class=\"jkit-icon-box-wrapper hover-from-left\"><div class=\"icon-box icon-box-body\">\n                <h3 class=\"title\">Realiz\u00e1cia<\/h3><p class=\"icon-box-description\">Po akceptovan\u00ed cenovej ponuky za\u010d\u00edname s realiz\u00e1ciou samotn\u00e9ho projektu.<\/p>\n            <\/div>\n            \n            <\/div><\/div>\t\t<\/div>\n\t\t\t\t<\/div>\n\t\t\t\t\t<\/div>\n\t\t<\/div>\n\t\t\t\t\t\t\t<\/div>\n\t\t<\/section>\n\t\t\t\t\t<\/div>\n\t\t<\/div>\n\t\t\t\t\t\t\t<\/div>\n\t\t<\/section>\n\t\t\t\t\t\t\t<\/div>\n\t\t","protected":false},"excerpt":{"rendered":"<p>O spolo\u010dnosti O n\u00e1s Realizujeme kompletn\u00e9\u00a0elektroin\u0161tala\u010dn\u00e9 pr\u00e1ce v\u00a0 obchodn\u00fdch priestoroch, administrat\u00edvnych\u00a0a\u00a0priemyseln\u00fdch budov\u00e1ch,\u00a0skladov\u00fdch\u00a0a\u00a0v\u00fdrobn\u00fdch hal\u00e1ch,\u00a0\u00a0v bytoch , rodinn\u00fdch domoch\u00a0a\u00a0objektoch sl\u00fa\u017eiacich r\u00f4znym \u00fa\u010delom \u010di u\u017e sa jedn\u00e1 o rekrea\u010dn\u00e9 chaty, z\u00e1hradn\u00e9 dom\u010deky \u010di multifunk\u010dn\u00e9 priestory. M\u00e1me \u0161irok\u00e9 sk\u00fasenosti\u00a0s\u00a0ve\u013ek\u00fdmi\u00a0a\u00a0technicky\u00a0n\u00e1ro\u010dn\u00fdmi developersk\u00fdmi\u00a0 projektami ale aj s mnoho rodinn\u00fdmi domami \u010di bytmi. V r\u00e1mci pr\u00edpravn\u00fdch pr\u00e1c odborne pos\u00fadime stav nehnute\u013enosti\u00a0a\u00a0pon\u00fakneme v\u00e1m rie\u0161enie&hellip; <a class=\"more-link\" href=\"https:\/\/feelfreeagency.com\/greentech\/o-spolocnosti\/\">Pokra\u010dova\u0165 v \u010d\u00edtan\u00ed <span class=\"screen-reader-text\">O spolo\u010dnosti<\/span><\/a><\/p>\n","protected":false},"author":1,"featured_media":0,"parent":0,"menu_order":0,"comment_status":"closed","ping_status":"closed","template":"elementor_header_footer","meta":{"footnotes":""},"class_list":["post-122","page","type-page","status-publish","hentry","entry"],"_links":{"self":[{"href":"https:\/\/feelfreeagency.com\/greentech\/wp-json\/wp\/v2\/pages\/122","targetHints":{"allow":["GET"]}}],"collection":[{"href":"https:\/\/feelfreeagency.com\/greentech\/wp-json\/wp\/v2\/pages"}],"about":[{"href":"https:\/\/feelfreeagency.com\/greentech\/wp-json\/wp\/v2\/types\/page"}],"author":[{"embeddable":true,"href":"https:\/\/feelfreeagency.com\/greentech\/wp-json\/wp\/v2\/users\/1"}],"replies":[{"embeddable":true,"href":"https:\/\/feelfreeagency.com\/greentech\/wp-json\/wp\/v2\/comments?post=122"}],"version-history":[{"count":26,"href":"https:\/\/feelfreeagency.com\/greentech\/wp-json\/wp\/v2\/pages\/122\/revisions"}],"predecessor-version":[{"id":250,"href":"https:\/\/feelfreeagency.com\/greentech\/wp-json\/wp\/v2\/pages\/122\/revisions\/250"}],"wp:attachment":[{"href":"https:\/\/feelfreeagency.com\/greentech\/wp-json\/wp\/v2\/media?parent=122"}],"curies":[{"name":"wp","href":"https:\/\/api.w.org\/{rel}","templated":true}]}}