{"id":2898,"date":"2022-03-09T13:00:55","date_gmt":"2022-03-09T12:00:55","guid":{"rendered":"https:\/\/feelfreeagency.com\/envirofond\/?page_id=2898"},"modified":"2022-03-09T13:21:16","modified_gmt":"2022-03-09T12:21:16","slug":"prehlady","status":"publish","type":"page","link":"https:\/\/feelfreeagency.com\/envirofond\/prehlady\/","title":{"rendered":"Preh\u013eady"},"content":{"rendered":"\t\t<div data-elementor-type=\"wp-page\" data-elementor-id=\"2898\" class=\"elementor elementor-2898\" data-elementor-settings=\"[]\">\n\t\t\t\t\t\t<div class=\"elementor-inner\">\n\t\t\t\t\t\t\t<div class=\"elementor-section-wrap\">\n\t\t\t\t\t\t\t<section class=\"elementor-section elementor-top-section elementor-element elementor-element-c097955 elementor-section-boxed elementor-section-height-default elementor-section-height-default\" data-id=\"c097955\" data-element_type=\"section\">\n\t\t\t\t\t\t<div class=\"elementor-container elementor-column-gap-default\">\n\t\t\t\t\t\t\t<div class=\"elementor-row\">\n\t\t\t\t\t<div class=\"elementor-column elementor-col-100 elementor-top-column elementor-element elementor-element-4d06528\" data-id=\"4d06528\" data-element_type=\"column\">\n\t\t\t<div class=\"elementor-column-wrap elementor-element-populated\">\n\t\t\t\t\t\t\t<div class=\"elementor-widget-wrap\">\n\t\t\t\t\t\t<div class=\"elementor-element elementor-element-053820e elementor-widget elementor-widget-text-editor\" data-id=\"053820e\" data-element_type=\"widget\" data-widget_type=\"text-editor.default\">\n\t\t\t\t<div class=\"elementor-widget-container\">\n\t\t\t<style>\/*! elementor - v3.5.6 - 28-02-2022 *\/\n.elementor-widget-text-editor.elementor-drop-cap-view-stacked .elementor-drop-cap{background-color:#818a91;color:#fff}.elementor-widget-text-editor.elementor-drop-cap-view-framed .elementor-drop-cap{color:#818a91;border:3px solid;background-color:transparent}.elementor-widget-text-editor:not(.elementor-drop-cap-view-default) .elementor-drop-cap{margin-top:8px}.elementor-widget-text-editor:not(.elementor-drop-cap-view-default) .elementor-drop-cap-letter{width:1em;height:1em}.elementor-widget-text-editor .elementor-drop-cap{float:left;text-align:center;line-height:1;font-size:50px}.elementor-widget-text-editor .elementor-drop-cap-letter{display:inline-block}<\/style>\t\t\t\t\t<div class=\"elementor-text-editor elementor-clearfix\">\n\t\t\t\t<p><b>Preh\u013ead \u017eiadate\u013eov o\u00a0poskytnutie pr\u00edspevku pod\u013ea \u00a7 7 ods. 1 p\u00edsm. b) z\u00e1kona \u010d. 329\/2018 Z. z. o poplatkoch za ulo\u017eenie odpadov a o zmene a doplnen\u00ed z\u00e1kona\u00a0<\/b><b>\u010d. 587\/2004 Z. z. o Environment\u00e1lnom fonde a o zmene a doplnen\u00ed niektor\u00fdch z\u00e1konov v znen\u00ed neskor\u0161\u00edch predpisov (\u010falej len \u201ez\u00e1kon o poplatkoch\u201c)<\/b><\/p><p><span><b><br \/>Rok 2021<\/b><\/span><\/p><p><a href=\"https:\/\/feelfreeagency.com\/envirofond\/wp-content\/uploads\/2022\/03\/Ziadatelia-ktori-splnili-podmienky.pdf\" target=\"_blank\" rel=\"noopener\"><b>\u017diadatelia, ktor\u00ed splnili podmienky a\u00a0bol im poskytnut\u00fd pr\u00edspevok<\/b><\/a><\/p><p><a href=\"https:\/\/feelfreeagency.com\/envirofond\/wp-content\/uploads\/2022\/03\/Ziadatelia-ktorym-v-zmysle-\u00a7-7-ods.-13.pdf\" target=\"_blank\" rel=\"noopener\"><b>\u017diadatelia, ktor\u00fdm v zmysle \u00a7 7 ods. 13 z\u00e1kona o poplatkoch nevznikol n\u00e1rok na poskytnutie pr\u00edspevku<\/b><\/a><\/p><p><a href=\"https:\/\/feelfreeagency.com\/envirofond\/wp-content\/uploads\/2022\/03\/Ziadatelia-ktori-nesplnili-podmienku.pdf\" target=\"_blank\" rel=\"noopener\"><b>\u017diadatelia, ktor\u00ed nesplnili podmienku na poskytnutie pr\u00edspevku uveden\u00fa v \u00a7 7 ods. 9 p\u00edsm. b) z\u00e1kona o\u00a0poplatkoch<\/b><\/a><\/p><p><a href=\"https:\/\/feelfreeagency.com\/envirofond\/wp-content\/uploads\/2022\/03\/Ziadatelia-ktori-nesplnili-uroven-vytriedenia.pdf\" target=\"_blank\" rel=\"noopener\"><b>\u017diadatelia, ktor\u00ed nesplnili \u00farove\u0148 vytriedenia komun\u00e1lneho odpadu pod\u013ea \u00a7 7 ods. 9 p\u00edsm. c) z\u00e1kona o poplatkoch za predch\u00e1dzaj\u00faci kalend\u00e1rny rok<\/b><\/a><\/p><p><b><span data-mce-mark=\"1\"><br \/>Rok 2020<\/span><\/b><\/p><p><a href=\"https:\/\/feelfreeagency.com\/envirofond\/wp-content\/uploads\/2022\/03\/Ziadatelia-ktori-splnili-podmienky-a-bol-im-prispevok-poskytnuty.pdf\"><b>\u017diadatelia, ktor\u00ed splnili podmienky a\u00a0bol im poskytnut\u00fd pr\u00edspevok<\/b><\/a><\/p><p><a href=\"https:\/\/feelfreeagency.com\/envirofond\/wp-content\/uploads\/2022\/03\/Ziadatelia-ktori-nesplnili-podmienky-a-nebol-im-prispevok-poskytnuty.pdf\"><b>\u017diadatelia, ktor\u00ed nesplnili podmienky a\u00a0nebol im poskytnut\u00fd pr\u00edspevok<\/b><\/a><\/p><p><a href=\"https:\/\/feelfreeagency.com\/envirofond\/wp-content\/uploads\/2022\/03\/Ziadatelia-ktori-splnili-podmienky-a-nebol-im-prispevok-poskytnuty-z-dovodu-podla-\u00a7-7-ods.-11-zakona-o-poplatkoch-za-ulozenie-odpadov.-pdf.pdf\"><b>\u017diadatelia, ktor\u00ed splnili podmienky a\u00a0nebol im poskytnut\u00fd pr\u00edspevok z\u00a0d\u00f4vodu pod\u013ea \u00a7 7 ods. 11 z\u00e1kona \u010d. 329\/2018 Z. z.<\/b><\/a><\/p>\t\t\t\t\t<\/div>\n\t\t\t\t\t\t<\/div>\n\t\t\t\t<\/div>\n\t\t\t\t\t\t<\/div>\n\t\t\t\t\t<\/div>\n\t\t<\/div>\n\t\t\t\t\t\t\t\t<\/div>\n\t\t\t\t\t<\/div>\n\t\t<\/section>\n\t\t\t\t\t\t<\/div>\n\t\t\t\t\t\t<\/div>\n\t\t\t\t\t<\/div>\n\t\t","protected":false},"excerpt":{"rendered":"<p>Preh\u013ead \u017eiadate\u013eov o\u00a0poskytnutie pr\u00edspevku pod\u013ea \u00a7 7 ods. 1 p\u00edsm. b) z\u00e1kona \u010d. 329\/2018 Z. z. o poplatkoch za ulo\u017eenie odpadov a o zmene a doplnen\u00ed z\u00e1kona\u00a0\u010d. 587\/2004 Z. z. o Environment\u00e1lnom fonde a o zmene a doplnen\u00ed niektor\u00fdch z\u00e1konov v znen\u00ed neskor\u0161\u00edch predpisov (\u010falej len \u201ez\u00e1kon o poplatkoch\u201c) Rok 2021 \u017diadatelia, ktor\u00ed splnili podmienky [&hellip;]<\/p>\n","protected":false},"author":1,"featured_media":0,"parent":0,"menu_order":0,"comment_status":"closed","ping_status":"closed","template":"","meta":{"footnotes":""},"class_list":["post-2898","page","type-page","status-publish","hentry"],"_links":{"self":[{"href":"https:\/\/feelfreeagency.com\/envirofond\/wp-json\/wp\/v2\/pages\/2898","targetHints":{"allow":["GET"]}}],"collection":[{"href":"https:\/\/feelfreeagency.com\/envirofond\/wp-json\/wp\/v2\/pages"}],"about":[{"href":"https:\/\/feelfreeagency.com\/envirofond\/wp-json\/wp\/v2\/types\/page"}],"author":[{"embeddable":true,"href":"https:\/\/feelfreeagency.com\/envirofond\/wp-json\/wp\/v2\/users\/1"}],"replies":[{"embeddable":true,"href":"https:\/\/feelfreeagency.com\/envirofond\/wp-json\/wp\/v2\/comments?post=2898"}],"version-history":[{"count":7,"href":"https:\/\/feelfreeagency.com\/envirofond\/wp-json\/wp\/v2\/pages\/2898\/revisions"}],"predecessor-version":[{"id":2912,"href":"https:\/\/feelfreeagency.com\/envirofond\/wp-json\/wp\/v2\/pages\/2898\/revisions\/2912"}],"wp:attachment":[{"href":"https:\/\/feelfreeagency.com\/envirofond\/wp-json\/wp\/v2\/media?parent=2898"}],"curies":[{"name":"wp","href":"https:\/\/api.w.org\/{rel}","templated":true}]}}