{"id":2882,"date":"2022-03-09T12:57:31","date_gmt":"2022-03-09T11:57:31","guid":{"rendered":"https:\/\/feelfreeagency.com\/envirofond\/?page_id=2882"},"modified":"2022-03-09T13:00:24","modified_gmt":"2022-03-09T12:00:24","slug":"rocny-prispevok","status":"publish","type":"page","link":"https:\/\/feelfreeagency.com\/envirofond\/rocny-prispevok\/","title":{"rendered":"Ro\u010dn\u00fd pr\u00edspevok"},"content":{"rendered":"\t\t<div data-elementor-type=\"wp-page\" data-elementor-id=\"2882\" class=\"elementor elementor-2882\" data-elementor-settings=\"[]\">\n\t\t\t\t\t\t<div class=\"elementor-inner\">\n\t\t\t\t\t\t\t<div class=\"elementor-section-wrap\">\n\t\t\t\t\t\t\t<section class=\"elementor-section elementor-top-section elementor-element elementor-element-c18750a elementor-section-boxed elementor-section-height-default elementor-section-height-default\" data-id=\"c18750a\" data-element_type=\"section\">\n\t\t\t\t\t\t<div class=\"elementor-container elementor-column-gap-default\">\n\t\t\t\t\t\t\t<div class=\"elementor-row\">\n\t\t\t\t\t<div class=\"elementor-column elementor-col-100 elementor-top-column elementor-element elementor-element-74c9e25\" data-id=\"74c9e25\" data-element_type=\"column\">\n\t\t\t<div class=\"elementor-column-wrap elementor-element-populated\">\n\t\t\t\t\t\t\t<div class=\"elementor-widget-wrap\">\n\t\t\t\t\t\t<div class=\"elementor-element elementor-element-147361e elementor-widget elementor-widget-text-editor\" data-id=\"147361e\" data-element_type=\"widget\" data-widget_type=\"text-editor.default\">\n\t\t\t\t<div class=\"elementor-widget-container\">\n\t\t\t<style>\/*! elementor - v3.5.6 - 28-02-2022 *\/\n.elementor-widget-text-editor.elementor-drop-cap-view-stacked .elementor-drop-cap{background-color:#818a91;color:#fff}.elementor-widget-text-editor.elementor-drop-cap-view-framed .elementor-drop-cap{color:#818a91;border:3px solid;background-color:transparent}.elementor-widget-text-editor:not(.elementor-drop-cap-view-default) .elementor-drop-cap{margin-top:8px}.elementor-widget-text-editor:not(.elementor-drop-cap-view-default) .elementor-drop-cap-letter{width:1em;height:1em}.elementor-widget-text-editor .elementor-drop-cap{float:left;text-align:center;line-height:1;font-size:50px}.elementor-widget-text-editor .elementor-drop-cap-letter{display:inline-block}<\/style>\t\t\t\t\t<div class=\"elementor-text-editor elementor-clearfix\">\n\t\t\t\t<p><b>Pr\u00edspevok pod\u013ea \u00a7 7 ods. 1 p\u00edsm. b) z\u00e1kona \u010d. 329\/2018 Z. z. o poplatkoch za ulo\u017eenie odpadov a o zmene a doplnen\u00ed z\u00e1kona \u010d. 587\/2004 Z. z. o Environment\u00e1lnom fonde a o zmene a doplnen\u00ed niektor\u00fdch z\u00e1konov v znen\u00ed neskor\u0161\u00edch predpisov (<\/b>\u010falej len<b><span>\u00a0<\/span>\u201e<i>z\u00e1kon \u010d. 329\/2018 Z. z.<\/i>\u201c).<\/b><\/p><p><b>\u00a0<\/b><\/p><p><b>Inform\u00e1cie k predkladaniu \u017eiadosti o poskytnutie pr\u00edspevku pod\u013ea \u00a7 7 ods. 1 p\u00edsm. b) z\u00e1kona \u010d. 329\/2018 Z. z. (<\/b>\u010falej len<b><span>\u00a0<\/span>\u201e\u017eiados\u0165\u201c):<\/b><\/p><p>\u00a0<\/p><p><b>Term\u00edn na doru\u010denie \u017eiadosti: do 31.03.2022<\/b>\u00a0po\u010das \u00faradn\u00fdch hod\u00edn prostredn\u00edctvom jedn\u00e9ho z ni\u017e\u0161ie uveden\u00fdch sp\u00f4sobov:<\/p><ul><li>doru\u010denie 1 origin\u00e1lu \u017eiadosti spolu s povinn\u00fdmi pr\u00edlohami v listinnej podobe osobne na adresu: Environment\u00e1lny fond, Nev\u00e4dzov\u00e1 5, 821 01 Bratislava;<\/li><li>doru\u010denie 1 origin\u00e1lu \u017eiadosti spolu s povinn\u00fdmi pr\u00edlohami v listinnej podobe do po\u0161tov\u00e9ho prie\u010dinku na adresu: Environment\u00e1lny fond, P. O. Box 14, 827 14 Bratislava 212;<\/li><li>doru\u010denie \u017eiadosti spolu s povinn\u00fdmi pr\u00edlohami do elektronickej schr\u00e1nky Environment\u00e1lneho fondu v s\u00falade so z\u00e1konom \u010d. 305\/2013 Z. z. o elektronickej podobe v\u00fdkonu p\u00f4sobnosti org\u00e1nov verejnej moci a o zmene a doplnen\u00ed niektor\u00fdch z\u00e1konov (z\u00e1kon o e-Governmente) v znen\u00ed neskor\u0161\u00edch predpisov.<\/li><\/ul><p>\u00a0<\/p><p><b>Rozhoduj\u00faci je d\u00e1tum doru\u010denia \u017eiadosti Environment\u00e1lnemu fondu t. j. najnesk\u00f4r 31.03.2022.<\/b><\/p><p><b>Na \u017eiados\u0165 doru\u010den\u00fa po uvedenom term\u00edne alebo na \u017eiados\u0165, ktor\u00e1 nebude obsahova\u0165 v\u0161etky povinn\u00e9 n\u00e1le\u017eitosti sa nebude prihliada\u0165.<\/b><\/p><p>\u00a0<\/p><p><b>V\u00fd\u0161ka pr\u00edspevku a term\u00edn vyplatenia pr\u00edspevku:<\/b><\/p><p>V\u00fd\u0161ka pr\u00edspevku pod\u013ea \u00a7 7 ods. 1 p\u00edsm. b) z\u00e1kona \u010d. 329\/2018 Z. z. pre jednotliv\u00e9 obce bude z\u00e1visie\u0165 predov\u0161etk\u00fdm od po\u010dtu obc\u00ed, ktor\u00e9 splnia v danom kalend\u00e1rnom roku podmienky na jeho priznanie.<\/p><p><b>Environment\u00e1lny fond vyplat\u00ed pr\u00edspevok obciam najnesk\u00f4r do 30.06.2022.<\/b><\/p><p><span><b>Kontakt:\u00a0<br \/><\/b><\/span><strong>Ing. Alexandra Kormanov\u00e1<br \/><\/strong><strong>Tel: 02\u00a0212\u00a0909 58<br \/><\/strong><b>Mail:\u00a0<a href=\"mailto:kormanova@envirofond.sk\">kormanova@envirofond.sk<\/a><\/b><\/p><p><span><b><br \/>Tla\u010div\u00e1 na stiahnutie:<\/b><\/span><\/p><p>1)<strong><a href=\"https:\/\/feelfreeagency.com\/envirofond\/wp-content\/uploads\/2022\/03\/Ziadost-o-prispevok-podla-\u00a77-ods1-pism-b-2022.docx\" target=\"_blank\" rel=\"noopener\"><span>\u00a0<\/span><span>\u017diados\u0165 o poskytnutie pr\u00edspevku pod\u013ea \u00a7 7 ods. 1 p\u00edsm. b) z\u00e1kona \u010d. 329\/2018 Z. z. o poplatkoch za ulo\u017eenie odpadov a o zmene a doplnen\u00ed z\u00e1kona \u010d. 587\/2004 Z. z. o Environment\u00e1lnom fonde a o zmene a doplnen\u00ed niektor\u00fdch z\u00e1konov v znen\u00ed neskor\u0161\u00edch predpisov<\/span><\/a><\/strong><\/p><p>2)<strong><a href=\"https:\/\/feelfreeagency.com\/envirofond\/wp-content\/uploads\/2022\/03\/Cestne-vyhlasenie-prispevok-\u00a77-ods1-pism-b-2022.docx\" target=\"_blank\" rel=\"noopener\"><span>\u00a0<\/span><span>\u010cestn\u00e9 vyhl\u00e1senie<\/span><\/a><\/strong><\/p>\t\t\t\t\t<\/div>\n\t\t\t\t\t\t<\/div>\n\t\t\t\t<\/div>\n\t\t\t\t\t\t<\/div>\n\t\t\t\t\t<\/div>\n\t\t<\/div>\n\t\t\t\t\t\t\t\t<\/div>\n\t\t\t\t\t<\/div>\n\t\t<\/section>\n\t\t\t\t\t\t<\/div>\n\t\t\t\t\t\t<\/div>\n\t\t\t\t\t<\/div>\n\t\t","protected":false},"excerpt":{"rendered":"<p>Pr\u00edspevok pod\u013ea \u00a7 7 ods. 1 p\u00edsm. b) z\u00e1kona \u010d. 329\/2018 Z. z. o poplatkoch za ulo\u017eenie odpadov a o zmene a doplnen\u00ed z\u00e1kona \u010d. 587\/2004 Z. z. o Environment\u00e1lnom fonde a o zmene a doplnen\u00ed niektor\u00fdch z\u00e1konov v znen\u00ed neskor\u0161\u00edch predpisov (\u010falej len\u00a0\u201ez\u00e1kon \u010d. 329\/2018 Z. z.\u201c). \u00a0 Inform\u00e1cie k predkladaniu \u017eiadosti o poskytnutie [&hellip;]<\/p>\n","protected":false},"author":1,"featured_media":0,"parent":0,"menu_order":0,"comment_status":"closed","ping_status":"closed","template":"","meta":{"footnotes":""},"class_list":["post-2882","page","type-page","status-publish","hentry"],"_links":{"self":[{"href":"https:\/\/feelfreeagency.com\/envirofond\/wp-json\/wp\/v2\/pages\/2882","targetHints":{"allow":["GET"]}}],"collection":[{"href":"https:\/\/feelfreeagency.com\/envirofond\/wp-json\/wp\/v2\/pages"}],"about":[{"href":"https:\/\/feelfreeagency.com\/envirofond\/wp-json\/wp\/v2\/types\/page"}],"author":[{"embeddable":true,"href":"https:\/\/feelfreeagency.com\/envirofond\/wp-json\/wp\/v2\/users\/1"}],"replies":[{"embeddable":true,"href":"https:\/\/feelfreeagency.com\/envirofond\/wp-json\/wp\/v2\/comments?post=2882"}],"version-history":[{"count":13,"href":"https:\/\/feelfreeagency.com\/envirofond\/wp-json\/wp\/v2\/pages\/2882\/revisions"}],"predecessor-version":[{"id":2897,"href":"https:\/\/feelfreeagency.com\/envirofond\/wp-json\/wp\/v2\/pages\/2882\/revisions\/2897"}],"wp:attachment":[{"href":"https:\/\/feelfreeagency.com\/envirofond\/wp-json\/wp\/v2\/media?parent=2882"}],"curies":[{"name":"wp","href":"https:\/\/api.w.org\/{rel}","templated":true}]}}