{"id":2870,"date":"2022-03-09T12:53:45","date_gmt":"2022-03-09T11:53:45","guid":{"rendered":"https:\/\/feelfreeagency.com\/envirofond\/?page_id=2870"},"modified":"2022-03-09T12:57:11","modified_gmt":"2022-03-09T11:57:11","slug":"mesacny-prispevok","status":"publish","type":"page","link":"https:\/\/feelfreeagency.com\/envirofond\/mesacny-prispevok\/","title":{"rendered":"Mesa\u010dn\u00fd pr\u00edspevok"},"content":{"rendered":"\t\t<div data-elementor-type=\"wp-page\" data-elementor-id=\"2870\" class=\"elementor elementor-2870\" data-elementor-settings=\"[]\">\n\t\t\t\t\t\t<div class=\"elementor-inner\">\n\t\t\t\t\t\t\t<div class=\"elementor-section-wrap\">\n\t\t\t\t\t\t\t<section class=\"elementor-section elementor-top-section elementor-element elementor-element-5117dea elementor-section-boxed elementor-section-height-default elementor-section-height-default\" data-id=\"5117dea\" data-element_type=\"section\">\n\t\t\t\t\t\t<div class=\"elementor-container elementor-column-gap-default\">\n\t\t\t\t\t\t\t<div class=\"elementor-row\">\n\t\t\t\t\t<div class=\"elementor-column elementor-col-100 elementor-top-column elementor-element elementor-element-24024f4\" data-id=\"24024f4\" data-element_type=\"column\">\n\t\t\t<div class=\"elementor-column-wrap elementor-element-populated\">\n\t\t\t\t\t\t\t<div class=\"elementor-widget-wrap\">\n\t\t\t\t\t\t<div class=\"elementor-element elementor-element-8367243 elementor-widget elementor-widget-text-editor\" data-id=\"8367243\" data-element_type=\"widget\" data-widget_type=\"text-editor.default\">\n\t\t\t\t<div class=\"elementor-widget-container\">\n\t\t\t<style>\/*! elementor - v3.5.6 - 28-02-2022 *\/\n.elementor-widget-text-editor.elementor-drop-cap-view-stacked .elementor-drop-cap{background-color:#818a91;color:#fff}.elementor-widget-text-editor.elementor-drop-cap-view-framed .elementor-drop-cap{color:#818a91;border:3px solid;background-color:transparent}.elementor-widget-text-editor:not(.elementor-drop-cap-view-default) .elementor-drop-cap{margin-top:8px}.elementor-widget-text-editor:not(.elementor-drop-cap-view-default) .elementor-drop-cap-letter{width:1em;height:1em}.elementor-widget-text-editor .elementor-drop-cap{float:left;text-align:center;line-height:1;font-size:50px}.elementor-widget-text-editor .elementor-drop-cap-letter{display:inline-block}<\/style>\t\t\t\t\t<div class=\"elementor-text-editor elementor-clearfix\">\n\t\t\t\t<p align=\"center\"><b>Inform\u00e1cie pre obce, na \u00fazem\u00ed ktor\u00fdch sa nach\u00e1dza skl\u00e1dka odpadov alebo odkalisko alebo ktor\u00fdch \u00fazem\u00edm prech\u00e1dza pr\u00edjazdov\u00e1 \u00fa\u010delov\u00e1 komunik\u00e1cia<\/b><\/p><p>Pod\u013ea \u00a7 7 ods. 1 p\u00edsm. a) z\u00e1kona \u010d. 329\/2018 Z. z. o poplatkoch za ulo\u017eenie odpadov a o zmene a doplnen\u00ed z\u00e1kona \u010d. 587\/2004 Z. z. o Environment\u00e1lnom fonde a o zmene a doplnen\u00ed niektor\u00fdch z\u00e1konov v znen\u00ed neskor\u0161\u00edch predpisov (\u010falej len \u201e<b><i>z\u00e1kon o poplatkoch<\/i><\/b>\u201c)<span>\u00a0<\/span><b>pou\u017eije Environment\u00e1lny fond pr\u00edjmy<span>\u00a0<\/span><\/b>pod\u013ea \u00a7 6 ods. 3 vo v\u00fd\u0161ke osobitn\u00e9ho predpisu \/\u00a7 5 a\u00a0pr\u00edloha \u010d. 6 k\u00a0nariadeniu vl\u00e1dy Slovenskej republiky \u010d. 330\/2018 Z. z.\/<span>\u00a0<\/span><b>pre<\/b><span>\u00a0<\/span>\u201e<span>\u00a0<\/span><b><i>obec, na \u00fazem\u00ed ktorej sa nach\u00e1dza skl\u00e1dka odpadov alebo odkalisko, a\u00a0obec, ktorej \u00fazem\u00edm prech\u00e1dza pr\u00edjazdov\u00e1 \u00fa\u010delov\u00e1 komunik\u00e1cia<\/i><\/b>\u201c.<\/p><p>Pr\u00edjmy z poplatkov za ulo\u017eenie odpadov odvedie Environment\u00e1lny fond obci alebo obciam, do konca kalend\u00e1rneho mesiaca nasleduj\u00faceho po mesiaci, v ktorom mu boli odveden\u00e9 pr\u00edjmy z poplatkov za ulo\u017eenie odpadov od prev\u00e1dzkovate\u013eov skl\u00e1dky odpadov a\u00a0odkaliska.<\/p><p><b>Identifik\u00e1cia platby pre obce:<\/b><\/p><p>Platba, ktor\u00e1 je zasielan\u00e1 obciam obsahuje predp\u00edsan\u00e9 platobn\u00e9 \u00fadaje:<\/p><p><b>Variabiln\u00fd symbol<\/b><span>\u00a0<\/span>je v tvare:<\/p><p><b>55<\/b><span>\u00a0<\/span>_ _ _ _ _ _ _ _prv\u00e9 dvoj\u010d\u00edslie intern\u00fd identifik\u00e1tor Environment\u00e1lneho fondu,<\/p><p>_ _<b>XXXX<\/b>_ _ _ _ ozna\u010denie obce- intern\u00fd identifik\u00e1tor Environment\u00e1lneho fondu,<\/p><p>_ _ _ _ _ _<span>\u00a0<\/span><b>XXXX<\/b><span>\u00a0<\/span>posledn\u00e9 \u0161tvor\u010d\u00edslie ud\u00e1va mesiac a rok v ktorom bola platba poslan\u00e1 na \u00fa\u010det obce.<\/p><p><b>\u0160pecifick\u00fd symbol<\/b><span>\u00a0<\/span>je v tvare:<\/p><p><b>XX<span>\u00a0<\/span><\/b>_ _ _ _ _ _ _ prv\u00e9 dvoj\u010d\u00edslie je ozna\u010denie \u010di ide o poplatok za:<\/p><p><b>01-skl\u00e1dku<\/b>,<\/p><p><b>02-odkalisko<\/b>,<\/p><p><b>03-komunik\u00e1ciu<\/b>,<\/p><p>_ _<span>\u00a0<\/span><b>XXXX<\/b>_ _ _ _nasleduj\u00face \u0161tvor\u010d\u00edslie ozna\u010duje<span>\u00a0<\/span><b>druh a skupinu odpadu<\/b>&#8211; toto \u0161tvor\u010d\u00edslie vych\u00e1dza z VS pod ktor\u00fdm bola prijat\u00e1 platba od prev\u00e1dzkovate\u013ea skl\u00e1dky odpadov alebo odkaliska,<\/p><p>_ _ _ _ _ _<b>XXXX<\/b><span>\u00a0<\/span>posledn\u00e9 \u0161tvor\u010d\u00edslie ud\u00e1va mesiac a rok v ktorom bol odpad ulo\u017een\u00fd na skl\u00e1dku.<\/p><p>Finan\u010dn\u00e9 prostriedky prijat\u00e9 na \u00fa\u010det obce, na \u00fazem\u00ed ktorej sa nach\u00e1dza skl\u00e1dka odpadov alebo odkalisko alebo ktorej \u00fazem\u00edm prech\u00e1dza pr\u00edjazdov\u00e1 \u00fa\u010delov\u00e1 komunik\u00e1cia predstavuj\u00fa pre obec finan\u010dn\u00fa oper\u00e1ciu pr\u00edjem prostriedkov v\u00a0zmysle z\u00e1kona \u010d. 329\/2018 Z. z. o\u00a0poplatkoch za ulo\u017eenie odpadov a\u00a0o\u00a0zmene a\u00a0doplnen\u00ed z\u00e1kona \u010d. 587\/2004 Z. z. \u00a0s\u00a0k\u00f3dom zdroja 45 (dot\u00e1cie poskytnut\u00e9 zo \u0161t\u00e1tneho fondu).<\/p><p>V pr\u00edpade ot\u00e1zok k pr\u00edspevku pod\u013ea \u00a7 7 ods. 1 p\u00edsm. a) z\u00e1kona o poplatkoch \u00a0kontaktujte Odbor ekonomick\u00fdch \u010dinnost\u00ed:<a href=\"https:\/\/feelfreeagency.com\/envirofond\/wp-content\/uploads\/2022\/03\/Telefonny-zoznam_OE_20220110.pdf\" target=\"_blank\" rel=\"noopener\"><span>\u00a0<\/span><b>TU<\/b><\/a><\/p>\t\t\t\t\t<\/div>\n\t\t\t\t\t\t<\/div>\n\t\t\t\t<\/div>\n\t\t\t\t\t\t<\/div>\n\t\t\t\t\t<\/div>\n\t\t<\/div>\n\t\t\t\t\t\t\t\t<\/div>\n\t\t\t\t\t<\/div>\n\t\t<\/section>\n\t\t\t\t\t\t<\/div>\n\t\t\t\t\t\t<\/div>\n\t\t\t\t\t<\/div>\n\t\t","protected":false},"excerpt":{"rendered":"<p>Inform\u00e1cie pre obce, na \u00fazem\u00ed ktor\u00fdch sa nach\u00e1dza skl\u00e1dka odpadov alebo odkalisko alebo ktor\u00fdch \u00fazem\u00edm prech\u00e1dza pr\u00edjazdov\u00e1 \u00fa\u010delov\u00e1 komunik\u00e1cia Pod\u013ea \u00a7 7 ods. 1 p\u00edsm. a) z\u00e1kona \u010d. 329\/2018 Z. z. o poplatkoch za ulo\u017eenie odpadov a o zmene a doplnen\u00ed z\u00e1kona \u010d. 587\/2004 Z. z. o Environment\u00e1lnom fonde a o zmene a doplnen\u00ed niektor\u00fdch [&hellip;]<\/p>\n","protected":false},"author":1,"featured_media":0,"parent":0,"menu_order":0,"comment_status":"closed","ping_status":"closed","template":"","meta":{"footnotes":""},"class_list":["post-2870","page","type-page","status-publish","hentry"],"_links":{"self":[{"href":"https:\/\/feelfreeagency.com\/envirofond\/wp-json\/wp\/v2\/pages\/2870","targetHints":{"allow":["GET"]}}],"collection":[{"href":"https:\/\/feelfreeagency.com\/envirofond\/wp-json\/wp\/v2\/pages"}],"about":[{"href":"https:\/\/feelfreeagency.com\/envirofond\/wp-json\/wp\/v2\/types\/page"}],"author":[{"embeddable":true,"href":"https:\/\/feelfreeagency.com\/envirofond\/wp-json\/wp\/v2\/users\/1"}],"replies":[{"embeddable":true,"href":"https:\/\/feelfreeagency.com\/envirofond\/wp-json\/wp\/v2\/comments?post=2870"}],"version-history":[{"count":10,"href":"https:\/\/feelfreeagency.com\/envirofond\/wp-json\/wp\/v2\/pages\/2870\/revisions"}],"predecessor-version":[{"id":2881,"href":"https:\/\/feelfreeagency.com\/envirofond\/wp-json\/wp\/v2\/pages\/2870\/revisions\/2881"}],"wp:attachment":[{"href":"https:\/\/feelfreeagency.com\/envirofond\/wp-json\/wp\/v2\/media?parent=2870"}],"curies":[{"name":"wp","href":"https:\/\/api.w.org\/{rel}","templated":true}]}}