{"id":2795,"date":"2022-03-05T20:08:18","date_gmt":"2022-03-05T19:08:18","guid":{"rendered":"https:\/\/feelfreeagency.com\/envirofond\/?page_id=2795"},"modified":"2022-03-05T20:37:32","modified_gmt":"2022-03-05T19:37:32","slug":"kompenzacie","status":"publish","type":"page","link":"https:\/\/feelfreeagency.com\/envirofond\/kompenzacie\/","title":{"rendered":"Kompenz\u00e1cie"},"content":{"rendered":"\t\t<div data-elementor-type=\"wp-page\" data-elementor-id=\"2795\" class=\"elementor elementor-2795\" data-elementor-settings=\"[]\">\n\t\t\t\t\t\t<div class=\"elementor-inner\">\n\t\t\t\t\t\t\t<div class=\"elementor-section-wrap\">\n\t\t\t\t\t\t\t<section class=\"elementor-section elementor-top-section elementor-element elementor-element-d6e9172 elementor-section-boxed elementor-section-height-default elementor-section-height-default\" data-id=\"d6e9172\" data-element_type=\"section\">\n\t\t\t\t\t\t<div class=\"elementor-container elementor-column-gap-default\">\n\t\t\t\t\t\t\t<div class=\"elementor-row\">\n\t\t\t\t\t<div class=\"elementor-column elementor-col-100 elementor-top-column elementor-element elementor-element-4568c72\" data-id=\"4568c72\" data-element_type=\"column\">\n\t\t\t<div class=\"elementor-column-wrap elementor-element-populated\">\n\t\t\t\t\t\t\t<div class=\"elementor-widget-wrap\">\n\t\t\t\t\t\t<div class=\"elementor-element elementor-element-0eee8d3 elementor-widget elementor-widget-text-editor\" data-id=\"0eee8d3\" data-element_type=\"widget\" data-widget_type=\"text-editor.default\">\n\t\t\t\t<div class=\"elementor-widget-container\">\n\t\t\t<style>\/*! elementor - v3.5.6 - 28-02-2022 *\/\n.elementor-widget-text-editor.elementor-drop-cap-view-stacked .elementor-drop-cap{background-color:#818a91;color:#fff}.elementor-widget-text-editor.elementor-drop-cap-view-framed .elementor-drop-cap{color:#818a91;border:3px solid;background-color:transparent}.elementor-widget-text-editor:not(.elementor-drop-cap-view-default) .elementor-drop-cap{margin-top:8px}.elementor-widget-text-editor:not(.elementor-drop-cap-view-default) .elementor-drop-cap-letter{width:1em;height:1em}.elementor-widget-text-editor .elementor-drop-cap{float:left;text-align:center;line-height:1;font-size:50px}.elementor-widget-text-editor .elementor-drop-cap-letter{display:inline-block}<\/style>\t\t\t\t\t<div class=\"elementor-text-editor elementor-clearfix\">\n\t\t\t\t<h3>Zoznam \u017eiadost\u00ed o\u00a0kompenz\u00e1ciu za rok 2020<\/h3><table class=\"tblBorder\" border=\"0\"><tbody><tr><td>Zoznam \u017eiadate\u013eov, ktor\u00fdm bola poskytnut\u00e1 kompenz\u00e1cia<\/td><td><img loading=\"lazy\" decoding=\"async\" class=\"alignnone wp-image-2797 size-full\" src=\"https:\/\/feelfreeagency.com\/envirofond\/wp-content\/uploads\/2022\/03\/download-2-24.png\" alt=\"\" width=\"24\" height=\"24\" \/>\u00a0<a href=\"https:\/\/feelfreeagency.com\/envirofond\/wp-content\/uploads\/2022\/03\/K1_2020_schvalene.pdf\" target=\"_blank\" rel=\"noopener\">stiahnu\u0165<\/a><\/td><\/tr><tr><td>Zoznam \u017eiadost\u00ed \u017eiadate\u013eov, ktor\u00e9 sp\u013a\u0148aj\u00fa podmienky na poskytnutie kompenz\u00e1cie<\/td><td><img loading=\"lazy\" decoding=\"async\" class=\"alignnone size-full wp-image-2797\" src=\"https:\/\/feelfreeagency.com\/envirofond\/wp-content\/uploads\/2022\/03\/download-2-24.png\" alt=\"\" width=\"24\" height=\"24\" \/><a href=\"https:\/\/feelfreeagency.com\/envirofond\/wp-content\/uploads\/2022\/03\/K1_2020_splnaju.pdf\" target=\"_blank\" rel=\"noopener\">\u00a0stiahnu\u0165<\/a><a href=\"http:\/\/envirofond.sk\/_img\/Prehlady\/Poziadavky\/Poziadavky_dotacie_2012.pdf\" target=\"_blank\" rel=\"noopener\"><\/a><\/td><\/tr><tr><td>Zoznam \u017eiadost\u00ed \u017eiadate\u013eov, ktor\u00e9 nesp\u013a\u0148aj\u00fa podmienky na poskytnutie kompenz\u00e1cie<\/td><td><img loading=\"lazy\" decoding=\"async\" class=\"alignnone size-full wp-image-2797\" src=\"https:\/\/feelfreeagency.com\/envirofond\/wp-content\/uploads\/2022\/03\/download-2-24.png\" alt=\"\" width=\"24\" height=\"24\" \/><a href=\"https:\/\/feelfreeagency.com\/envirofond\/wp-content\/uploads\/2022\/03\/K1_2020_nesplnaju.pdf\" target=\"_blank\" rel=\"noopener\">\u00a0stiahnu\u0165<\/a><a href=\"http:\/\/envirofond.sk\/_img\/Prehlady\/Poziadavky\/Poziadavky_dotacie_2013.pdf\" target=\"_blank\" rel=\"noopener\"><\/a><\/td><\/tr><\/tbody><\/table><h3>\u00a0<\/h3><h3>\u00a0<\/h3><h3>Zoznam \u017eiadost\u00ed o\u00a0kompenz\u00e1ciu za rok 2019<\/h3><table class=\"tblBorder\" border=\"0\"><tbody><tr><td>Zoznam \u017eiadate\u013eov, ktor\u00fdm bola poskytnut\u00e1 kompenz\u00e1cia<\/td><td><img loading=\"lazy\" decoding=\"async\" class=\"alignnone size-full wp-image-2797\" src=\"https:\/\/feelfreeagency.com\/envirofond\/wp-content\/uploads\/2022\/03\/download-2-24.png\" alt=\"\" width=\"24\" height=\"24\" \/>\u00a0<a href=\"https:\/\/feelfreeagency.com\/envirofond\/wp-content\/uploads\/2022\/03\/K1_2019_schvalene.pdf\" target=\"_blank\" rel=\"noopener\">stiahnu\u0165<\/a><\/td><\/tr><tr><td>Zoznam \u017eiadost\u00ed \u017eiadate\u013eov, ktor\u00e9 sp\u013a\u0148aj\u00fa podmienky na poskytnutie kompenz\u00e1cie<\/td><td><img loading=\"lazy\" decoding=\"async\" class=\"alignnone size-full wp-image-2797\" src=\"https:\/\/feelfreeagency.com\/envirofond\/wp-content\/uploads\/2022\/03\/download-2-24.png\" alt=\"\" width=\"24\" height=\"24\" \/><a href=\"http:\/\/envirofond.sk\/_img\/Prehlady\/Poziadavky\/Poziadavky_dotacie_2012.pdf\" target=\"_blank\" rel=\"noopener\">\u00a0<\/a><a href=\"https:\/\/feelfreeagency.com\/envirofond\/wp-content\/uploads\/2022\/03\/K1_2019_splnaju.pdf\" target=\"_blank\" rel=\"noopener\">stiahnu\u0165<\/a><a href=\"http:\/\/envirofond.sk\/_img\/Prehlady\/Poziadavky\/Poziadavky_dotacie_2012.pdf\" target=\"_blank\" rel=\"noopener\"><\/a><\/td><\/tr><tr><td>Zoznam \u017eiadost\u00ed \u017eiadate\u013eov, ktor\u00e9 nesp\u013a\u0148aj\u00fa podmienky na poskytnutie kompenz\u00e1cie<\/td><td><img loading=\"lazy\" decoding=\"async\" class=\"alignnone size-full wp-image-2797\" src=\"https:\/\/feelfreeagency.com\/envirofond\/wp-content\/uploads\/2022\/03\/download-2-24.png\" alt=\"\" width=\"24\" height=\"24\" \/><a href=\"http:\/\/envirofond.sk\/_img\/Prehlady\/Poziadavky\/Poziadavky_dotacie_2013.pdf\" target=\"_blank\" rel=\"noopener\">\u00a0<\/a><a href=\"https:\/\/feelfreeagency.com\/envirofond\/wp-content\/uploads\/2022\/03\/K1_2019_nesplnaju.pdf\" target=\"_blank\" rel=\"noopener\">stiahnu\u0165<\/a><a href=\"http:\/\/envirofond.sk\/_img\/Prehlady\/Poziadavky\/Poziadavky_dotacie_2013.pdf\" target=\"_blank\" rel=\"noopener\"><\/a><\/td><\/tr><\/tbody><\/table><h3>\u00a0<\/h3><h3>Zoznam \u017eiadost\u00ed o\u00a0kompenz\u00e1ciu za rok 2018<\/h3><table class=\"tblBorder\" border=\"0\"><tbody><tr><td>Zoznam \u017eiadate\u013eov, ktor\u00fdm bola poskytnut\u00e1 kompenz\u00e1cia<\/td><td><img loading=\"lazy\" decoding=\"async\" class=\"alignnone size-full wp-image-2797\" src=\"https:\/\/feelfreeagency.com\/envirofond\/wp-content\/uploads\/2022\/03\/download-2-24.png\" alt=\"\" width=\"24\" height=\"24\" \/>\u00a0<a href=\"https:\/\/feelfreeagency.com\/envirofond\/wp-content\/uploads\/2022\/03\/K1_2018_schvalene.pdf\" target=\"_blank\" rel=\"noopener\">stiahnu\u0165<\/a><\/td><\/tr><tr><td>Zoznam \u017eiadost\u00ed \u017eiadate\u013eov, ktor\u00e9 sp\u013a\u0148aj\u00fa podmienky na poskytnutie kompenz\u00e1cie<\/td><td><img loading=\"lazy\" decoding=\"async\" class=\"alignnone size-full wp-image-2797\" src=\"https:\/\/feelfreeagency.com\/envirofond\/wp-content\/uploads\/2022\/03\/download-2-24.png\" alt=\"\" width=\"24\" height=\"24\" \/><a href=\"http:\/\/envirofond.sk\/_img\/Prehlady\/Poziadavky\/Poziadavky_dotacie_2012.pdf\" target=\"_blank\" rel=\"noopener\">\u00a0<\/a><a href=\"https:\/\/feelfreeagency.com\/envirofond\/wp-content\/uploads\/2022\/03\/K1_2018_splnaju.pdf\" target=\"_blank\" rel=\"noopener\">stiahnu\u0165<\/a><a href=\"http:\/\/envirofond.sk\/_img\/Prehlady\/Poziadavky\/Poziadavky_dotacie_2012.pdf\" target=\"_blank\" rel=\"noopener\"><\/a><\/td><\/tr><tr><td>Zoznam \u017eiadost\u00ed \u017eiadate\u013eov, ktor\u00e9 nesp\u013a\u0148aj\u00fa podmienky na poskytnutie kompenz\u00e1cie<\/td><td><img loading=\"lazy\" decoding=\"async\" class=\"alignnone size-full wp-image-2797\" src=\"https:\/\/feelfreeagency.com\/envirofond\/wp-content\/uploads\/2022\/03\/download-2-24.png\" alt=\"\" width=\"24\" height=\"24\" \/><a href=\"http:\/\/envirofond.sk\/_img\/Prehlady\/Poziadavky\/Poziadavky_dotacie_2013.pdf\" target=\"_blank\" rel=\"noopener\">\u00a0<\/a><a href=\"https:\/\/feelfreeagency.com\/envirofond\/wp-content\/uploads\/2022\/03\/K1_2018_nesplnaju.pdf\" target=\"_blank\" rel=\"noopener\">stiahnu\u0165<\/a><a href=\"http:\/\/envirofond.sk\/_img\/Prehlady\/Poziadavky\/Poziadavky_dotacie_2013.pdf\" target=\"_blank\" rel=\"noopener\"><\/a><\/td><\/tr><\/tbody><\/table><h3>\u00a0<\/h3><h3>Zoznam \u017eiadost\u00ed o\u00a0kompenz\u00e1ciu za rok 2017<\/h3><table class=\"tblBorder\" border=\"0\"><tbody><tr><td>Zoznam \u017eiadate\u013eov, ktor\u00fdm bola poskytnut\u00e1 kompenz\u00e1cia<\/td><td><img loading=\"lazy\" decoding=\"async\" class=\"alignnone size-full wp-image-2797\" src=\"https:\/\/feelfreeagency.com\/envirofond\/wp-content\/uploads\/2022\/03\/download-2-24.png\" alt=\"\" width=\"24\" height=\"24\" \/>\u00a0<a href=\"https:\/\/feelfreeagency.com\/envirofond\/wp-content\/uploads\/2022\/03\/K1_2018_schvalene.pdf\" target=\"_blank\" rel=\"noopener\">stiahnu\u0165<\/a><\/td><\/tr><tr><td>Zoznam \u017eiadost\u00ed \u017eiadate\u013eov, ktor\u00e9 sp\u013a\u0148aj\u00fa podmienky na poskytnutie kompenz\u00e1cie<\/td><td><img loading=\"lazy\" decoding=\"async\" class=\"alignnone size-full wp-image-2797\" src=\"https:\/\/feelfreeagency.com\/envirofond\/wp-content\/uploads\/2022\/03\/download-2-24.png\" alt=\"\" width=\"24\" height=\"24\" \/><a href=\"http:\/\/envirofond.sk\/_img\/Prehlady\/Poziadavky\/Poziadavky_dotacie_2012.pdf\" target=\"_blank\" rel=\"noopener\">\u00a0<\/a><a href=\"https:\/\/feelfreeagency.com\/envirofond\/wp-content\/uploads\/2022\/03\/K1_2018_splnaju.pdf\" target=\"_blank\" rel=\"noopener\">stiahnu\u0165<\/a><a href=\"http:\/\/envirofond.sk\/_img\/Prehlady\/Poziadavky\/Poziadavky_dotacie_2012.pdf\" target=\"_blank\" rel=\"noopener\"><\/a><\/td><\/tr><tr><td>Zoznam \u017eiadost\u00ed \u017eiadate\u013eov, ktor\u00e9 nesp\u013a\u0148aj\u00fa podmienky na poskytnutie kompenz\u00e1cie<\/td><td><img loading=\"lazy\" decoding=\"async\" class=\"alignnone size-full wp-image-2797\" src=\"https:\/\/feelfreeagency.com\/envirofond\/wp-content\/uploads\/2022\/03\/download-2-24.png\" alt=\"\" width=\"24\" height=\"24\" \/><a href=\"http:\/\/envirofond.sk\/_img\/Prehlady\/Poziadavky\/Poziadavky_dotacie_2013.pdf\" target=\"_blank\" rel=\"noopener\">\u00a0<\/a><a href=\"https:\/\/feelfreeagency.com\/envirofond\/wp-content\/uploads\/2022\/03\/K1_2018_nesplnaju.pdf\" target=\"_blank\" rel=\"noopener\">stiahnu\u0165<\/a><a href=\"http:\/\/envirofond.sk\/_img\/Prehlady\/Poziadavky\/Poziadavky_dotacie_2013.pdf\" target=\"_blank\" rel=\"noopener\"><\/a><\/td><\/tr><\/tbody><\/table><h3>\u00a0<\/h3><h3>Zoznam \u017eiadost\u00ed o\u00a0kompenz\u00e1ciu za rok 2016<\/h3><table class=\"tblBorder\" border=\"0\"><tbody><tr><td>Zoznam \u017eiadate\u013eov, ktor\u00fdm bola poskytnut\u00e1 kompenz\u00e1cia<\/td><td><img loading=\"lazy\" decoding=\"async\" class=\"alignnone size-full wp-image-2797\" src=\"https:\/\/feelfreeagency.com\/envirofond\/wp-content\/uploads\/2022\/03\/download-2-24.png\" alt=\"\" width=\"24\" height=\"24\" \/>\u00a0<a href=\"https:\/\/feelfreeagency.com\/envirofond\/wp-content\/uploads\/2022\/03\/K1_2016_schvalene.pdf\" target=\"_blank\" rel=\"noopener\">stiahnu\u0165<\/a><\/td><\/tr><tr><td>Zoznam \u017eiadost\u00ed \u017eiadate\u013eov, ktor\u00e9 sp\u013a\u0148aj\u00fa podmienky na poskytnutie kompenz\u00e1cie<\/td><td><img loading=\"lazy\" decoding=\"async\" class=\"alignnone size-full wp-image-2797\" src=\"https:\/\/feelfreeagency.com\/envirofond\/wp-content\/uploads\/2022\/03\/download-2-24.png\" alt=\"\" width=\"24\" height=\"24\" \/><a href=\"http:\/\/envirofond.sk\/_img\/Prehlady\/Poziadavky\/Poziadavky_dotacie_2012.pdf\" target=\"_blank\" rel=\"noopener\">\u00a0<\/a><a href=\"https:\/\/feelfreeagency.com\/envirofond\/wp-content\/uploads\/2022\/03\/K1_2016_splnaju.pdf\" target=\"_blank\" rel=\"noopener\">stiahnu\u0165<\/a><a href=\"http:\/\/envirofond.sk\/_img\/Prehlady\/Poziadavky\/Poziadavky_dotacie_2012.pdf\" target=\"_blank\" rel=\"noopener\"><\/a><\/td><\/tr><tr><td>Zoznam \u017eiadost\u00ed \u017eiadate\u013eov, ktor\u00e9 nesp\u013a\u0148aj\u00fa podmienky na poskytnutie kompenz\u00e1cie<\/td><td><img loading=\"lazy\" decoding=\"async\" class=\"alignnone size-full wp-image-2797\" src=\"https:\/\/feelfreeagency.com\/envirofond\/wp-content\/uploads\/2022\/03\/download-2-24.png\" alt=\"\" width=\"24\" height=\"24\" \/><a href=\"http:\/\/envirofond.sk\/_img\/Prehlady\/Poziadavky\/Poziadavky_dotacie_2013.pdf\" target=\"_blank\" rel=\"noopener\">\u00a0<\/a><a href=\"https:\/\/feelfreeagency.com\/envirofond\/wp-content\/uploads\/2022\/03\/K1_2016_nesplnaju.pdf\" target=\"_blank\" rel=\"noopener\">stiahnu\u0165<\/a><\/td><\/tr><\/tbody><\/table>\t\t\t\t\t<\/div>\n\t\t\t\t\t\t<\/div>\n\t\t\t\t<\/div>\n\t\t\t\t\t\t<\/div>\n\t\t\t\t\t<\/div>\n\t\t<\/div>\n\t\t\t\t\t\t\t\t<\/div>\n\t\t\t\t\t<\/div>\n\t\t<\/section>\n\t\t\t\t\t\t<\/div>\n\t\t\t\t\t\t<\/div>\n\t\t\t\t\t<\/div>\n\t\t","protected":false},"excerpt":{"rendered":"<p>Zoznam \u017eiadost\u00ed o\u00a0kompenz\u00e1ciu za rok 2020 Zoznam \u017eiadate\u013eov, ktor\u00fdm bola poskytnut\u00e1 kompenz\u00e1cia \u00a0stiahnu\u0165 Zoznam \u017eiadost\u00ed \u017eiadate\u013eov, ktor\u00e9 sp\u013a\u0148aj\u00fa podmienky na poskytnutie kompenz\u00e1cie \u00a0stiahnu\u0165 Zoznam \u017eiadost\u00ed \u017eiadate\u013eov, ktor\u00e9 nesp\u013a\u0148aj\u00fa podmienky na poskytnutie kompenz\u00e1cie \u00a0stiahnu\u0165 \u00a0 \u00a0 Zoznam \u017eiadost\u00ed o\u00a0kompenz\u00e1ciu za rok 2019 Zoznam \u017eiadate\u013eov, ktor\u00fdm bola poskytnut\u00e1 kompenz\u00e1cia \u00a0stiahnu\u0165 Zoznam \u017eiadost\u00ed \u017eiadate\u013eov, ktor\u00e9 sp\u013a\u0148aj\u00fa podmienky na [&hellip;]<\/p>\n","protected":false},"author":1,"featured_media":0,"parent":0,"menu_order":0,"comment_status":"closed","ping_status":"closed","template":"","meta":{"footnotes":""},"class_list":["post-2795","page","type-page","status-publish","hentry"],"_links":{"self":[{"href":"https:\/\/feelfreeagency.com\/envirofond\/wp-json\/wp\/v2\/pages\/2795","targetHints":{"allow":["GET"]}}],"collection":[{"href":"https:\/\/feelfreeagency.com\/envirofond\/wp-json\/wp\/v2\/pages"}],"about":[{"href":"https:\/\/feelfreeagency.com\/envirofond\/wp-json\/wp\/v2\/types\/page"}],"author":[{"embeddable":true,"href":"https:\/\/feelfreeagency.com\/envirofond\/wp-json\/wp\/v2\/users\/1"}],"replies":[{"embeddable":true,"href":"https:\/\/feelfreeagency.com\/envirofond\/wp-json\/wp\/v2\/comments?post=2795"}],"version-history":[{"count":19,"href":"https:\/\/feelfreeagency.com\/envirofond\/wp-json\/wp\/v2\/pages\/2795\/revisions"}],"predecessor-version":[{"id":2828,"href":"https:\/\/feelfreeagency.com\/envirofond\/wp-json\/wp\/v2\/pages\/2795\/revisions\/2828"}],"wp:attachment":[{"href":"https:\/\/feelfreeagency.com\/envirofond\/wp-json\/wp\/v2\/media?parent=2795"}],"curies":[{"name":"wp","href":"https:\/\/api.w.org\/{rel}","templated":true}]}}