{"id":270,"date":"2019-11-04T10:38:30","date_gmt":"2019-11-04T09:38:30","guid":{"rendered":"http:\/\/thegov.wgl-demo.net\/?page_id=270"},"modified":"2022-03-19T14:43:13","modified_gmt":"2022-03-19T13:43:13","slug":"aktuality","status":"publish","type":"page","link":"https:\/\/feelfreeagency.com\/envirofond\/aktuality\/","title":{"rendered":"Aktuality"},"content":{"rendered":"\t\t<div data-elementor-type=\"wp-page\" data-elementor-id=\"270\" class=\"elementor elementor-270\" data-elementor-settings=\"[]\">\n\t\t\t\t\t\t<div class=\"elementor-inner\">\n\t\t\t\t\t\t\t<div class=\"elementor-section-wrap\">\n\t\t\t\t\t\t\t<section class=\"elementor-section elementor-top-section elementor-element elementor-element-9e6492b elementor-section-boxed elementor-section-height-default elementor-section-height-default\" data-id=\"9e6492b\" data-element_type=\"section\">\n\t\t\t\t\t\t<div class=\"elementor-container elementor-column-gap-default\">\n\t\t\t\t\t\t\t<div class=\"elementor-row\">\n\t\t\t\t\t<div class=\"elementor-column elementor-col-100 elementor-top-column elementor-element elementor-element-9c02f41\" data-id=\"9c02f41\" data-element_type=\"column\">\n\t\t\t<div class=\"elementor-column-wrap elementor-element-populated\">\n\t\t\t\t\t\t\t<div class=\"elementor-widget-wrap\">\n\t\t\t\t\t\t<div class=\"elementor-element elementor-element-ad13bf5 elementor-widget elementor-widget-spacer\" data-id=\"ad13bf5\" data-element_type=\"widget\" data-widget_type=\"spacer.default\">\n\t\t\t\t<div class=\"elementor-widget-container\">\n\t\t\t\t\t<div class=\"elementor-spacer\">\n\t\t\t<div class=\"elementor-spacer-inner\"><\/div>\n\t\t<\/div>\n\t\t\t\t<\/div>\n\t\t\t\t<\/div>\n\t\t\t\t\t\t<\/div>\n\t\t\t\t\t<\/div>\n\t\t<\/div>\n\t\t\t\t\t\t\t\t<\/div>\n\t\t\t\t\t<\/div>\n\t\t<\/section>\n\t\t\t\t<section class=\"elementor-section elementor-top-section elementor-element elementor-element-7891677 elementor-section-boxed elementor-section-height-default elementor-section-height-default\" data-id=\"7891677\" data-element_type=\"section\">\n\t\t\t\t\t\t<div class=\"elementor-container elementor-column-gap-default\">\n\t\t\t\t\t\t\t<div class=\"elementor-row\">\n\t\t\t\t\t<div class=\"elementor-column elementor-col-100 elementor-top-column elementor-element elementor-element-a5c1236\" data-id=\"a5c1236\" data-element_type=\"column\">\n\t\t\t<div class=\"elementor-column-wrap elementor-element-populated\">\n\t\t\t\t\t\t\t<div class=\"elementor-widget-wrap\">\n\t\t\t\t\t\t<div class=\"elementor-element elementor-element-c749dc3 elementor-widget elementor-widget-wgl-blog\" data-id=\"c749dc3\" data-element_type=\"widget\" data-settings=\"{&quot;blog_columns&quot;:&quot;3&quot;}\" data-widget_type=\"wgl-blog.default\">\n\t\t\t\t<div class=\"elementor-widget-container\">\n\t\t\t            <section class=\"wgl_cpt_section\">\n                <div class=\"blog-posts\">\n                    <div class=\"container-grid row  blog_columns-4 grid blog-style-standard\"><div class=\"wgl_col-3 item\">\n    <div class=\"blog-post  format-standard format-no_featured\">\n        <div class=\"blog-post_wrapper\">\n\n                        <div class=\"blog-post_content\">\n            <div class=\"blog-post_cats\">\t\t    \t<div class=\"meta-wrapper\">\n\t\t\t\t\t\n\t\t\t\t\t\n\t\t\t\t\t\t\t\t\t\t\t\t\t\t<span class=\"blog-post_meta-categories\"><span><a href=\"https:\/\/feelfreeagency.com\/envirofond\/category\/oznam\/\">Oznam<\/a><\/span><\/span>\t\t\t\t\t\n\t\t\t\t\t\n\t\t\t\t<\/div>\n\t\t\t\t<\/div><div class=\"blog-post_content-mid\"><h3 class=\"blog-post_title\"><a href=\"https:\/\/feelfreeagency.com\/envirofond\/2022\/03\/18\/oznam-10\/\">Oznam!<\/a><\/h3><div class=\"blog-post_text\"><p>\nDovo\u013eujeme si&nbsp;&nbsp;V\u00e1s &nbsp;d\u00f4razne upozorni\u0165, \u017ee&nbsp;ka\u017ed\u00fd pohyb na dota\u010dnom...<\/p><\/div>                        <a href=\"https:\/\/feelfreeagency.com\/envirofond\/2022\/03\/18\/oznam-10\/\" class=\"button-read-more\">\u010c\u00edta\u0165 viac<\/a> \n                    <\/div>\n                <div class='blog-post_meta-desc'>  \n                    \t\t    \t<div class=\"meta-wrapper\">\n\t\t\t\t\t\n\t\t\t\t\t\t\t\t\t\t\t<span class=\"date_post\">18. marca 2022<\/span>\n\t\t\t\t\t\n\t\t\t\t\t\n\t\t\t\t\t\n\t\t\t\t<\/div>\n\t\t\t\t                <\/div>\n\n                            <\/div>\n        <\/div>\n    <\/div>\n    <\/div><div class=\"wgl_col-3 item\">\n    <div class=\"blog-post  format-standard format-no_featured\">\n        <div class=\"blog-post_wrapper\">\n\n                        <div class=\"blog-post_content\">\n            <div class=\"blog-post_cats\">\t\t    \t<div class=\"meta-wrapper\">\n\t\t\t\t\t\n\t\t\t\t\t\n\t\t\t\t\t\t\t\t\t\t\t\t\t\t<span class=\"blog-post_meta-categories\"><span><a href=\"https:\/\/feelfreeagency.com\/envirofond\/category\/oznam\/\">Oznam<\/a><\/span><\/span>\t\t\t\t\t\n\t\t\t\t\t\n\t\t\t\t<\/div>\n\t\t\t\t<\/div><div class=\"blog-post_content-mid\"><h3 class=\"blog-post_title\"><a href=\"https:\/\/feelfreeagency.com\/envirofond\/2022\/02\/25\/oznam-7\/\">Oznam!<\/a><\/h3><div class=\"blog-post_text\"><p>\nV\u00e1\u017een\u00ed \u017eiadatelia, d\u0148a 25.02.2022 boli po\u0161tovou prepravou (z\u00e1rove\u0148 i&nbsp;mailom) odoslan\u00e9...<\/p><\/div>                        <a href=\"https:\/\/feelfreeagency.com\/envirofond\/2022\/02\/25\/oznam-7\/\" class=\"button-read-more\">\u010c\u00edta\u0165 viac<\/a> \n                    <\/div>\n                <div class='blog-post_meta-desc'>  \n                    \t\t    \t<div class=\"meta-wrapper\">\n\t\t\t\t\t\n\t\t\t\t\t\t\t\t\t\t\t<span class=\"date_post\">25. febru\u00e1ra 2022<\/span>\n\t\t\t\t\t\n\t\t\t\t\t\n\t\t\t\t\t\n\t\t\t\t<\/div>\n\t\t\t\t                <\/div>\n\n                            <\/div>\n        <\/div>\n    <\/div>\n    <\/div><div class=\"wgl_col-3 item\">\n    <div class=\"blog-post  format-standard format-no_featured\">\n        <div class=\"blog-post_wrapper\">\n\n                        <div class=\"blog-post_content\">\n            <div class=\"blog-post_cats\">\t\t    \t<div class=\"meta-wrapper\">\n\t\t\t\t\t\n\t\t\t\t\t\n\t\t\t\t\t\t\t\t\t\t\t\t\t\t<span class=\"blog-post_meta-categories\"><span><a href=\"https:\/\/feelfreeagency.com\/envirofond\/category\/oznam\/\">Oznam<\/a><\/span><\/span>\t\t\t\t\t\n\t\t\t\t\t\n\t\t\t\t<\/div>\n\t\t\t\t<\/div><div class=\"blog-post_content-mid\"><h3 class=\"blog-post_title\"><a href=\"https:\/\/feelfreeagency.com\/envirofond\/2022\/01\/24\/oznam-6\/\">Oznam!<\/a><\/h3><div class=\"blog-post_text\"><p>\nV\u00e1\u017een\u00ed \u017eiadatelia,\n\n\n\noznamujeme V\u00e1m, \u017ee Environment\u00e1lny fond zverejnil na svojom webovom...<\/p><\/div>                        <a href=\"https:\/\/feelfreeagency.com\/envirofond\/2022\/01\/24\/oznam-6\/\" class=\"button-read-more\">\u010c\u00edta\u0165 viac<\/a> \n                    <\/div>\n                <div class='blog-post_meta-desc'>  \n                    \t\t    \t<div class=\"meta-wrapper\">\n\t\t\t\t\t\n\t\t\t\t\t\t\t\t\t\t\t<span class=\"date_post\">24. janu\u00e1ra 2022<\/span>\n\t\t\t\t\t\n\t\t\t\t\t\n\t\t\t\t\t\n\t\t\t\t<\/div>\n\t\t\t\t                <\/div>\n\n                            <\/div>\n        <\/div>\n    <\/div>\n    <\/div><div class=\"wgl_col-3 item\">\n    <div class=\"blog-post  format-standard format-no_featured\">\n        <div class=\"blog-post_wrapper\">\n\n                        <div class=\"blog-post_content\">\n            <div class=\"blog-post_cats\">\t\t    \t<div class=\"meta-wrapper\">\n\t\t\t\t\t\n\t\t\t\t\t\n\t\t\t\t\t\t\t\t\t\t\t\t\t\t<span class=\"blog-post_meta-categories\"><span><a href=\"https:\/\/feelfreeagency.com\/envirofond\/category\/oznam\/\">Oznam<\/a><\/span><\/span>\t\t\t\t\t\n\t\t\t\t\t\n\t\t\t\t<\/div>\n\t\t\t\t<\/div><div class=\"blog-post_content-mid\"><h3 class=\"blog-post_title\"><a href=\"https:\/\/feelfreeagency.com\/envirofond\/2022\/01\/18\/oznam-2\/\">Oznam!<\/a><\/h3><div class=\"blog-post_text\"><p>V\u00e1\u017een\u00ed \u017eiadatelia,\noznamujeme V\u00e1m, \u017ee Environment\u00e1lny fond zverejnil na svojom webovom...<\/p><\/div>                        <a href=\"https:\/\/feelfreeagency.com\/envirofond\/2022\/01\/18\/oznam-2\/\" class=\"button-read-more\">\u010c\u00edta\u0165 viac<\/a> \n                    <\/div>\n                <div class='blog-post_meta-desc'>  \n                    \t\t    \t<div class=\"meta-wrapper\">\n\t\t\t\t\t\n\t\t\t\t\t\t\t\t\t\t\t<span class=\"date_post\">18. janu\u00e1ra 2022<\/span>\n\t\t\t\t\t\n\t\t\t\t\t\n\t\t\t\t\t\n\t\t\t\t<\/div>\n\t\t\t\t                <\/div>\n\n                            <\/div>\n        <\/div>\n    <\/div>\n    <\/div><div class=\"wgl_col-3 item\">\n    <div class=\"blog-post  format-standard format-no_featured\">\n        <div class=\"blog-post_wrapper\">\n\n                        <div class=\"blog-post_content\">\n            <div class=\"blog-post_cats\">\t\t    \t<div class=\"meta-wrapper\">\n\t\t\t\t\t\n\t\t\t\t\t\n\t\t\t\t\t\t\t\t\t\t\t\t\t\t<span class=\"blog-post_meta-categories\"><span><a href=\"https:\/\/feelfreeagency.com\/envirofond\/category\/oznam\/\">Oznam<\/a><\/span><\/span>\t\t\t\t\t\n\t\t\t\t\t\n\t\t\t\t<\/div>\n\t\t\t\t<\/div><div class=\"blog-post_content-mid\"><h3 class=\"blog-post_title\"><a href=\"https:\/\/feelfreeagency.com\/envirofond\/2021\/12\/02\/ahoj-svet\/\">Oznam!<\/a><\/h3><div class=\"blog-post_text\"><p>\nEnvironment\u00e1lny fond nepretr\u017eite pracuje na optimaliz\u00e1cii a zefekt\u00edvnen\u00ed svojich procesov...<\/p><\/div>                        <a href=\"https:\/\/feelfreeagency.com\/envirofond\/2021\/12\/02\/ahoj-svet\/\" class=\"button-read-more\">\u010c\u00edta\u0165 viac<\/a> \n                    <\/div>\n                <div class='blog-post_meta-desc'>  \n                    \t\t    \t<div class=\"meta-wrapper\">\n\t\t\t\t\t\n\t\t\t\t\t\t\t\t\t\t\t<span class=\"date_post\">2. decembra 2021<\/span>\n\t\t\t\t\t\n\t\t\t\t\t\n\t\t\t\t\t\n\t\t\t\t<\/div>\n\t\t\t\t                <\/div>\n\n                            <\/div>\n        <\/div>\n    <\/div>\n    <\/div><div class=\"wgl_col-3 item\">\n    <div class=\"blog-post  format-standard format-no_featured\">\n        <div class=\"blog-post_wrapper\">\n\n                        <div class=\"blog-post_content\">\n            <div class=\"blog-post_cats\">\t\t    \t<div class=\"meta-wrapper\">\n\t\t\t\t\t\n\t\t\t\t\t\n\t\t\t\t\t\t\t\t\t\t\t\t\t\t<span class=\"blog-post_meta-categories\"><span><a href=\"https:\/\/feelfreeagency.com\/envirofond\/category\/tlacova-sprava\/\">Tla\u010dov\u00e1 spr\u00e1va<\/a><\/span><\/span>\t\t\t\t\t\n\t\t\t\t\t\n\t\t\t\t<\/div>\n\t\t\t\t<\/div><div class=\"blog-post_content-mid\"><h3 class=\"blog-post_title\"><a href=\"https:\/\/feelfreeagency.com\/envirofond\/2021\/11\/02\/tlacova-sprava\/\">Tla\u010dov\u00e1 spr\u00e1va<\/a><\/h3><div class=\"blog-post_text\"><p>\nEnvirofond uv\u00e1dza do praxe v\u00fdznamn\u00fd model kvality pre dosiahnutie \u010do najlep\u0161\u00edch...<\/p><\/div>                        <a href=\"https:\/\/feelfreeagency.com\/envirofond\/2021\/11\/02\/tlacova-sprava\/\" class=\"button-read-more\">\u010c\u00edta\u0165 viac<\/a> \n                    <\/div>\n                <div class='blog-post_meta-desc'>  \n                    \t\t    \t<div class=\"meta-wrapper\">\n\t\t\t\t\t\n\t\t\t\t\t\t\t\t\t\t\t<span class=\"date_post\">2. novembra 2021<\/span>\n\t\t\t\t\t\n\t\t\t\t\t\n\t\t\t\t\t\n\t\t\t\t<\/div>\n\t\t\t\t                <\/div>\n\n                            <\/div>\n        <\/div>\n    <\/div>\n    <\/div><div class=\"wgl_col-3 item\">\n    <div class=\"blog-post  format-standard format-no_featured\">\n        <div class=\"blog-post_wrapper\">\n\n                        <div class=\"blog-post_content\">\n            <div class=\"blog-post_cats\">\t\t    \t<div class=\"meta-wrapper\">\n\t\t\t\t\t\n\t\t\t\t\t\n\t\t\t\t\t\t\t\t\t\t\t\t\t\t<span class=\"blog-post_meta-categories\"><span><a href=\"https:\/\/feelfreeagency.com\/envirofond\/category\/oznam\/\">Oznam<\/a><\/span><\/span>\t\t\t\t\t\n\t\t\t\t\t\n\t\t\t\t<\/div>\n\t\t\t\t<\/div><div class=\"blog-post_content-mid\"><h3 class=\"blog-post_title\"><a href=\"https:\/\/feelfreeagency.com\/envirofond\/2021\/10\/28\/oznam\/\">Oznam!<\/a><\/h3><div class=\"blog-post_text\"><p>\nIII. Roz\u0161\u00edrenie \u0161pecifik\u00e1cie \u010dinnost\u00ed podpory na rok 2021\n\n\n\nzverej\u0148uje Environment\u00e1lny...<\/p><\/div>                        <a href=\"https:\/\/feelfreeagency.com\/envirofond\/2021\/10\/28\/oznam\/\" class=\"button-read-more\">\u010c\u00edta\u0165 viac<\/a> \n                    <\/div>\n                <div class='blog-post_meta-desc'>  \n                    \t\t    \t<div class=\"meta-wrapper\">\n\t\t\t\t\t\n\t\t\t\t\t\t\t\t\t\t\t<span class=\"date_post\">28. okt\u00f3bra 2021<\/span>\n\t\t\t\t\t\n\t\t\t\t\t\n\t\t\t\t\t\n\t\t\t\t<\/div>\n\t\t\t\t                <\/div>\n\n                            <\/div>\n        <\/div>\n    <\/div>\n    <\/div><div class=\"wgl_col-3 item\">\n    <div class=\"blog-post  format-standard format-no_featured\">\n        <div class=\"blog-post_wrapper\">\n\n                        <div class=\"blog-post_content\">\n            <div class=\"blog-post_cats\">\t\t    \t<div class=\"meta-wrapper\">\n\t\t\t\t\t\n\t\t\t\t\t\n\t\t\t\t\t\t\t\t\t\t\t\t\t\t<span class=\"blog-post_meta-categories\"><span><a href=\"https:\/\/feelfreeagency.com\/envirofond\/category\/oznam\/\">Oznam<\/a><\/span><\/span>\t\t\t\t\t\n\t\t\t\t\t\n\t\t\t\t<\/div>\n\t\t\t\t<\/div><div class=\"blog-post_content-mid\"><h3 class=\"blog-post_title\"><a href=\"https:\/\/feelfreeagency.com\/envirofond\/2021\/10\/21\/oznam-3\/\">Oznam!<\/a><\/h3><div class=\"blog-post_text\"><p>\n\n\n\n\nOznam pre \u017eiadate\u013eov v r\u00e1mci Oblasti D. OCHRANA PR\u00cdRODY, BIODIVERZITY A&nbsp;KRAJINY...<\/p><\/div>                        <a href=\"https:\/\/feelfreeagency.com\/envirofond\/2021\/10\/21\/oznam-3\/\" class=\"button-read-more\">\u010c\u00edta\u0165 viac<\/a> \n                    <\/div>\n                <div class='blog-post_meta-desc'>  \n                    \t\t    \t<div class=\"meta-wrapper\">\n\t\t\t\t\t\n\t\t\t\t\t\t\t\t\t\t\t<span class=\"date_post\">21. okt\u00f3bra 2021<\/span>\n\t\t\t\t\t\n\t\t\t\t\t\n\t\t\t\t\t\n\t\t\t\t<\/div>\n\t\t\t\t                <\/div>\n\n                            <\/div>\n        <\/div>\n    <\/div>\n    <\/div><div class=\"wgl_col-3 item\">\n    <div class=\"blog-post  format-standard format-no_featured\">\n        <div class=\"blog-post_wrapper\">\n\n                        <div class=\"blog-post_content\">\n            <div class=\"blog-post_cats\">\t\t    \t<div class=\"meta-wrapper\">\n\t\t\t\t\t\n\t\t\t\t\t\n\t\t\t\t\t\t\t\t\t\t\t\t\t\t<span class=\"blog-post_meta-categories\"><span><a href=\"https:\/\/feelfreeagency.com\/envirofond\/category\/oznam\/\">Oznam<\/a><\/span><\/span>\t\t\t\t\t\n\t\t\t\t\t\n\t\t\t\t<\/div>\n\t\t\t\t<\/div><div class=\"blog-post_content-mid\"><h3 class=\"blog-post_title\"><a href=\"https:\/\/feelfreeagency.com\/envirofond\/2021\/10\/20\/oznam-4\/\">Oznam!<\/a><\/h3><div class=\"blog-post_text\"><p>\nV\u00e1\u017een\u00ed \u017eiadatelia,\n\n\n\noznamujeme V\u00e1m, \u017ee Environment\u00e1lny fond zverejnil na svojom webovom...<\/p><\/div>                        <a href=\"https:\/\/feelfreeagency.com\/envirofond\/2021\/10\/20\/oznam-4\/\" class=\"button-read-more\">\u010c\u00edta\u0165 viac<\/a> \n                    <\/div>\n                <div class='blog-post_meta-desc'>  \n                    \t\t    \t<div class=\"meta-wrapper\">\n\t\t\t\t\t\n\t\t\t\t\t\t\t\t\t\t\t<span class=\"date_post\">20. okt\u00f3bra 2021<\/span>\n\t\t\t\t\t\n\t\t\t\t\t\n\t\t\t\t\t\n\t\t\t\t<\/div>\n\t\t\t\t                <\/div>\n\n                            <\/div>\n        <\/div>\n    <\/div>\n    <\/div><div class=\"wgl_col-3 item\">\n    <div class=\"blog-post  format-standard format-no_featured\">\n        <div class=\"blog-post_wrapper\">\n\n                        <div class=\"blog-post_content\">\n            <div class=\"blog-post_cats\">\t\t    \t<div class=\"meta-wrapper\">\n\t\t\t\t\t\n\t\t\t\t\t\n\t\t\t\t\t\t\t\t\t\t\t\t\t\t<span class=\"blog-post_meta-categories\"><span><a href=\"https:\/\/feelfreeagency.com\/envirofond\/category\/oznam\/\">Oznam<\/a><\/span><\/span>\t\t\t\t\t\n\t\t\t\t\t\n\t\t\t\t<\/div>\n\t\t\t\t<\/div><div class=\"blog-post_content-mid\"><h3 class=\"blog-post_title\"><a href=\"https:\/\/feelfreeagency.com\/envirofond\/2021\/10\/19\/oznam-5\/\">Oznam!<\/a><\/h3><div class=\"blog-post_text\"><p>\nV\u00e1\u017een\u00ed \u017eiadatelia,\n\n\n\noznamujeme V\u00e1m, \u017ee Environment\u00e1lny fond zverejnil linky na...<\/p><\/div>                        <a href=\"https:\/\/feelfreeagency.com\/envirofond\/2021\/10\/19\/oznam-5\/\" class=\"button-read-more\">\u010c\u00edta\u0165 viac<\/a> \n                    <\/div>\n                <div class='blog-post_meta-desc'>  \n                    \t\t    \t<div class=\"meta-wrapper\">\n\t\t\t\t\t\n\t\t\t\t\t\t\t\t\t\t\t<span class=\"date_post\">19. okt\u00f3bra 2021<\/span>\n\t\t\t\t\t\n\t\t\t\t\t\n\t\t\t\t\t\n\t\t\t\t<\/div>\n\t\t\t\t                <\/div>\n\n                            <\/div>\n        <\/div>\n    <\/div>\n    <\/div><\/div>                <\/div>\n        <ul class=\"wgl-pagination \"><li class=\"page\"><span aria-current=\"page\" class=\"page-numbers current\">1<\/span><\/li><li class=\"page\"><a class=\"page-numbers\" href=\"https:\/\/feelfreeagency.com\/envirofond\/wp-json\/wp\/v2\/pages\/270\/page\/2\/\">2<\/a><\/li><li class=\"page\"><a class=\"page-numbers\" href=\"https:\/\/feelfreeagency.com\/envirofond\/wp-json\/wp\/v2\/pages\/270\/page\/3\/\">3<\/a><\/li><li class=\"page\"><a class=\"page-numbers\" href=\"https:\/\/feelfreeagency.com\/envirofond\/wp-json\/wp\/v2\/pages\/270\/page\/4\/\">4<\/a><\/li><li class=\"page\"><a class=\"next page-numbers\" href=\"https:\/\/feelfreeagency.com\/envirofond\/wp-json\/wp\/v2\/pages\/270\/page\/2\/\"><i class=\"fa flaticon-right\"><\/i><\/a><\/li><\/ul><\/section>\t\t<\/div>\n\t\t\t\t<\/div>\n\t\t\t\t\t\t<\/div>\n\t\t\t\t\t<\/div>\n\t\t<\/div>\n\t\t\t\t\t\t\t\t<\/div>\n\t\t\t\t\t<\/div>\n\t\t<\/section>\n\t\t\t\t<section class=\"elementor-section elementor-top-section elementor-element elementor-element-8fca1d0 elementor-section-boxed elementor-section-height-default elementor-section-height-default\" data-id=\"8fca1d0\" data-element_type=\"section\">\n\t\t\t\t\t\t<div class=\"elementor-container elementor-column-gap-default\">\n\t\t\t\t\t\t\t<div class=\"elementor-row\">\n\t\t\t\t\t<div class=\"elementor-column elementor-col-100 elementor-top-column elementor-element elementor-element-2440731\" data-id=\"2440731\" data-element_type=\"column\">\n\t\t\t<div class=\"elementor-column-wrap elementor-element-populated\">\n\t\t\t\t\t\t\t<div class=\"elementor-widget-wrap\">\n\t\t\t\t\t\t<div class=\"elementor-element elementor-element-7ca557a elementor-widget elementor-widget-spacer\" data-id=\"7ca557a\" data-element_type=\"widget\" data-widget_type=\"spacer.default\">\n\t\t\t\t<div class=\"elementor-widget-container\">\n\t\t\t\t\t<div class=\"elementor-spacer\">\n\t\t\t<div class=\"elementor-spacer-inner\"><\/div>\n\t\t<\/div>\n\t\t\t\t<\/div>\n\t\t\t\t<\/div>\n\t\t\t\t\t\t<\/div>\n\t\t\t\t\t<\/div>\n\t\t<\/div>\n\t\t\t\t\t\t\t\t<\/div>\n\t\t\t\t\t<\/div>\n\t\t<\/section>\n\t\t\t\t\t\t<\/div>\n\t\t\t\t\t\t<\/div>\n\t\t\t\t\t<\/div>\n\t\t","protected":false},"excerpt":{"rendered":"<p>Tla\u010dov\u00e1 spr\u00e1va Tla\u010dov\u00e1 spr\u00e1va Envirofond uv\u00e1dza do praxe v\u00fdznamn\u00fd model kvality pre dosiahnutie \u010do najlep\u0161\u00edch&#8230; \u010c\u00edta\u0165 viac 2. decembra 2021 Oznam Oznam! Environment\u00e1lny fond nepretr\u017eite pracuje na optimaliz\u00e1cii a zefekt\u00edvnen\u00ed svojich procesov&#8230; \u010c\u00edta\u0165 viac 2. decembra 2021 Oznam Oznam! III. Roz\u0161\u00edrenie \u0161pecifik\u00e1cie \u010dinnost\u00ed podpory na rok 2021 zverej\u0148uje Environment\u00e1lny&#8230; \u010c\u00edta\u0165 viac 28. okt\u00f3bra 2021<\/p>\n","protected":false},"author":1,"featured_media":0,"parent":0,"menu_order":0,"comment_status":"closed","ping_status":"closed","template":"","meta":{"footnotes":""},"class_list":["post-270","page","type-page","status-publish","hentry"],"_links":{"self":[{"href":"https:\/\/feelfreeagency.com\/envirofond\/wp-json\/wp\/v2\/pages\/270","targetHints":{"allow":["GET"]}}],"collection":[{"href":"https:\/\/feelfreeagency.com\/envirofond\/wp-json\/wp\/v2\/pages"}],"about":[{"href":"https:\/\/feelfreeagency.com\/envirofond\/wp-json\/wp\/v2\/types\/page"}],"author":[{"embeddable":true,"href":"https:\/\/feelfreeagency.com\/envirofond\/wp-json\/wp\/v2\/users\/1"}],"replies":[{"embeddable":true,"href":"https:\/\/feelfreeagency.com\/envirofond\/wp-json\/wp\/v2\/comments?post=270"}],"version-history":[{"count":8,"href":"https:\/\/feelfreeagency.com\/envirofond\/wp-json\/wp\/v2\/pages\/270\/revisions"}],"predecessor-version":[{"id":3068,"href":"https:\/\/feelfreeagency.com\/envirofond\/wp-json\/wp\/v2\/pages\/270\/revisions\/3068"}],"wp:attachment":[{"href":"https:\/\/feelfreeagency.com\/envirofond\/wp-json\/wp\/v2\/media?parent=270"}],"curies":[{"name":"wp","href":"https:\/\/api.w.org\/{rel}","templated":true}]}}