{"id":2211,"date":"2022-02-18T12:40:15","date_gmt":"2022-02-18T11:40:15","guid":{"rendered":"https:\/\/feelfreeagency.com\/envirofond\/?page_id=2211"},"modified":"2022-02-18T12:54:27","modified_gmt":"2022-02-18T11:54:27","slug":"informacie","status":"publish","type":"page","link":"https:\/\/feelfreeagency.com\/envirofond\/informacie\/","title":{"rendered":"Inform\u00e1cie"},"content":{"rendered":"\t\t<div data-elementor-type=\"wp-page\" data-elementor-id=\"2211\" class=\"elementor elementor-2211\" data-elementor-settings=\"[]\">\n\t\t\t\t\t\t<div class=\"elementor-inner\">\n\t\t\t\t\t\t\t<div class=\"elementor-section-wrap\">\n\t\t\t\t\t\t\t<section class=\"elementor-section elementor-top-section elementor-element elementor-element-f444a2e elementor-section-boxed elementor-section-height-default elementor-section-height-default\" data-id=\"f444a2e\" data-element_type=\"section\">\n\t\t\t\t\t\t<div class=\"elementor-container elementor-column-gap-default\">\n\t\t\t\t\t\t\t<div class=\"elementor-row\">\n\t\t\t\t\t<div class=\"elementor-column elementor-col-100 elementor-top-column elementor-element elementor-element-b7aa09c\" data-id=\"b7aa09c\" data-element_type=\"column\">\n\t\t\t<div class=\"elementor-column-wrap elementor-element-populated\">\n\t\t\t\t\t\t\t<div class=\"elementor-widget-wrap\">\n\t\t\t\t\t\t<div class=\"elementor-element elementor-element-b183a3e elementor-widget elementor-widget-spacer\" data-id=\"b183a3e\" data-element_type=\"widget\" data-widget_type=\"spacer.default\">\n\t\t\t\t<div class=\"elementor-widget-container\">\n\t\t\t\t\t<div class=\"elementor-spacer\">\n\t\t\t<div class=\"elementor-spacer-inner\"><\/div>\n\t\t<\/div>\n\t\t\t\t<\/div>\n\t\t\t\t<\/div>\n\t\t\t\t\t\t<\/div>\n\t\t\t\t\t<\/div>\n\t\t<\/div>\n\t\t\t\t\t\t\t\t<\/div>\n\t\t\t\t\t<\/div>\n\t\t<\/section>\n\t\t\t\t<section class=\"elementor-section elementor-top-section elementor-element elementor-element-33a0da3 elementor-section-content-middle elementor-section-boxed elementor-section-height-default elementor-section-height-default\" data-id=\"33a0da3\" data-element_type=\"section\">\n\t\t\t\t\t\t<div class=\"elementor-container elementor-column-gap-default\">\n\t\t\t\t\t\t\t<div class=\"elementor-row\">\n\t\t\t\t\t<div class=\"elementor-column elementor-col-100 elementor-top-column elementor-element elementor-element-b2ebc09\" data-id=\"b2ebc09\" data-element_type=\"column\">\n\t\t\t<div class=\"elementor-column-wrap elementor-element-populated\">\n\t\t\t\t\t\t\t<div class=\"elementor-widget-wrap\">\n\t\t\t\t\t\t<div class=\"elementor-element elementor-element-598e6af divider_yes elementor-widget elementor-widget-wgl-double-headings\" data-id=\"598e6af\" data-element_type=\"widget\" data-widget_type=\"wgl-double-headings.default\">\n\t\t\t\t<div class=\"elementor-widget-container\">\n\t\t\t<div class=\"wgl-double_heading aleft\"><div class=\"dbl-subtitle\"><span>Inform\u00e1cie<\/span><\/div>                <h3 class=\"dbl-title_wrapper\"><span class=\"dbl-title dbl-title_1\">Spr\u00edstup\u0148ovania inform\u00e1ci\u00ed Environment\u00e1lnym fondom - postup\n<\/span>                 <\/h3>        <\/div>\t\t<\/div>\n\t\t\t\t<\/div>\n\t\t\t\t<div class=\"elementor-element elementor-element-c38115a elementor-widget elementor-widget-spacer\" data-id=\"c38115a\" data-element_type=\"widget\" data-widget_type=\"spacer.default\">\n\t\t\t\t<div class=\"elementor-widget-container\">\n\t\t\t\t\t<div class=\"elementor-spacer\">\n\t\t\t<div class=\"elementor-spacer-inner\"><\/div>\n\t\t<\/div>\n\t\t\t\t<\/div>\n\t\t\t\t<\/div>\n\t\t\t\t<div class=\"elementor-element elementor-element-628fbbf elementor-widget elementor-widget-text-editor\" data-id=\"628fbbf\" data-element_type=\"widget\" data-widget_type=\"text-editor.default\">\n\t\t\t\t<div class=\"elementor-widget-container\">\n\t\t\t<style>\/*! elementor - v3.5.6 - 28-02-2022 *\/\n.elementor-widget-text-editor.elementor-drop-cap-view-stacked .elementor-drop-cap{background-color:#818a91;color:#fff}.elementor-widget-text-editor.elementor-drop-cap-view-framed .elementor-drop-cap{color:#818a91;border:3px solid;background-color:transparent}.elementor-widget-text-editor:not(.elementor-drop-cap-view-default) .elementor-drop-cap{margin-top:8px}.elementor-widget-text-editor:not(.elementor-drop-cap-view-default) .elementor-drop-cap-letter{width:1em;height:1em}.elementor-widget-text-editor .elementor-drop-cap{float:left;text-align:center;line-height:1;font-size:50px}.elementor-widget-text-editor .elementor-drop-cap-letter{display:inline-block}<\/style>\t\t\t\t\t<div class=\"elementor-text-editor elementor-clearfix\">\n\t\t\t\t<p>Spr\u00edstup\u0148ovanie inform\u00e1ci\u00ed Environment\u00e1lnym fondom sa riadi z\u00e1konom \u010d. 211\/2000 Z. z.\u00a0o slobodnom pr\u00edstupe k inform\u00e1ci\u00e1m a o zmene a doplnen\u00ed niektor\u00fdch z\u00e1konov (z\u00e1kon o slobode inform\u00e1ci\u00ed).<b><\/b><\/p><p>\u017diadate\u013e, ktor\u00fdm je fyzick\u00e1 alebo pr\u00e1vnick\u00e1 osoba, m\u00f4\u017ee po\u017eiada\u0165 Environment\u00e1lny fond o\u00a0spr\u00edstupnenie inform\u00e1ci\u00ed prostredn\u00edctvom \u017eiadosti.<\/p><p>\u017diados\u0165 o poskytnutie inform\u00e1ci\u00ed sa pod\u00e1va:<\/p><ul><li><b>telefonicky v jednoduch\u00fdch pr\u00edpadoch:<\/b>\u00a0na \u010d\u00edslo\u00a0 02\/212 909 48 v\u00a0pracovn\u00fdch d\u0148och od 08.30 do 15:00, v\u00a0piatok do 14:00<\/li><li><b>osobne:<\/b>\u00a0v s\u00eddle Environment\u00e1lneho fondu, 2. poschodie, miestnos\u0165: podate\u013e\u0148a v\u00a0pracovn\u00fdch d\u0148och od 08.30 do\u00a015:00, v piatok do 14:00<\/li><li><b>po\u0161tou<\/b>\u00a0na kore\u0161poden\u010dn\u00fa adresu:<br \/><b>Environment\u00e1lny fond,<br \/><\/b><b>\u00a0\u00a0P.O. Box 14<br \/><\/b><b>827 14 Bratislava 212<\/b><br \/><b><\/b><\/li><li><b>e-mailom<\/b>\u00a0na adresu:\u00a0<b>info@envirofond.sk<\/b><\/li><\/ul><p><b><\/b><b>Adresa je vyhraden\u00e1 na zasielanie \u017eiadost\u00ed o poskytovanie inform\u00e1ci\u00ed pod\u013ea z\u00e1kona \u010d. 211\/2000 Z.z.<\/b><\/p><p><strong><a href=\"http:\/\/envirofond.sk\/sk\/informacie#form\">Formul\u00e1r \u017eiadosti o spr\u00edstupnenie inform\u00e1ci\u00ed pod\u013ea z\u00e1kona \u010d. 211\/2000 Z. z.<\/a><\/strong><\/p><p>Povinn\u00e9 n\u00e1le\u017eitosti \u017eiadosti o\u00a0poskytnutie inform\u00e1ci\u00ed:<\/p><ol><li>Komu je \u017eiados\u0165 ur\u010den\u00e1 (Environment\u00e1lny fond)<\/li><li>Kto \u017eiados\u0165 pod\u00e1va:<ol><li>fyzick\u00e9 osoby uv\u00e1dzaj\u00fa: meno, priezvisko, adresu trval\u00e9ho alebo prechodn\u00e9ho pobytu<\/li><li>pr\u00e1vnick\u00e9 osoby uv\u00e1dzaj\u00fa: n\u00e1zov, I\u010cO a s\u00eddlo spolo\u010dnosti<\/li><\/ol><\/li><li>Ktor\u00fdch inform\u00e1ci\u00ed sa \u017eiados\u0165 t\u00fdka: presne a vecne formulova\u0165 \u017eiadosti o poskytnutie inform\u00e1ci\u00ed<\/li><li>Sp\u00f4sob spr\u00edstupnenia inform\u00e1ci\u00ed navrhnut\u00fd \u017eiadate\u013eom (napr. p\u00edsomne, faxom, e-mailom)<\/li><\/ol><p>\u00a0<\/p><p><b>Sadzobn\u00edk \u00fahrad n\u00e1kladov pri spr\u00edstup\u0148ovan\u00ed inform\u00e1ci\u00ed:<\/b><\/p><ol><li style=\"list-style-type: none;\"><ol><li>\u00a0SADZOBN\u00cdK \u00fahrad za materi\u00e1lne n\u00e1klady pri spr\u00edstup\u0148ovan\u00ed inform\u00e1ci\u00ed pod\u013ea \u00a7 21 ods. 1 a 2 z\u00e1kona \u010d. 211\/2000 Z. z. o slobodnom pr\u00edstupe k inform\u00e1ci\u00e1m a o zmene a doplnen\u00ed niektor\u00fdch z\u00e1konov (z\u00e1kon o slobode inform\u00e1ci\u00ed) v znen\u00ed neskor\u0161\u00edch predpisov a pod\u013ea vyhl\u00e1\u0161ky Ministerstva financi\u00ed Slovenskej republiky \u010d. 481\/2000 Z. z. o podrobnostiach \u00fahrady n\u00e1kladov za spr\u00edstupnenie inform\u00e1ci\u00ed:<\/li><\/ol><\/li><\/ol><table class=\"tblBorder\" border=\"1\" cellpadding=\"20\" align=\"left\"><tbody><tr><td rowspan=\"4\">a)<\/td><td>0,03 \u20ac<\/td><td>za vyhotovenie jednej strany inform\u00e1cie form\u00e1tu A4<\/td><\/tr><tr><td>0,04 \u20ac<\/td><td>za vyhotovenie obojstrann\u00e9ho listu form\u00e1tu A4<\/td><\/tr><tr><td>0,06 \u20ac<\/td><td>za vyhotovenie jednej strany inform\u00e1cie form\u00e1tu A3<\/td><\/tr><tr><td>0,08 \u20ac<\/td><td>za vyhotovenie obojstrann\u00e9ho listu form\u00e1tu A3<\/td><\/tr><tr><td rowspan=\"2\">b)<\/td><td>0,49 \u20ac<\/td><td>za jeden kus DVD ROM<\/td><\/tr><tr><td>0,39 \u20ac<\/td><td>za jeden kus CD ROM<\/td><\/tr><tr><td rowspan=\"3\">c)<\/td><td>0,06 \u20ac<\/td><td>ob\u00e1lka form\u00e1t A6<\/td><\/tr><tr><td>0,09 \u20ac<\/td><td>ob\u00e1lka form\u00e1t A5<\/td><\/tr><tr><td>0,16 \u20ac<\/td><td>ob\u00e1lka form\u00e1t A4<\/td><\/tr><tr><td>d)<\/td><td>\u00a0<\/td><td>n\u00e1klady spojen\u00e9 s odoslan\u00edm inform\u00e1cie pod\u013ea aktu\u00e1lneho cenn\u00edka po\u0161tov\u00fdch slu\u017eieb<\/td><\/tr><\/tbody><\/table><p>\u00a0<\/p><ol><li>Inform\u00e1cie zasielan\u00e9 elektronickou po\u0161tou, faxom a telefonicky s\u00fa poskytovan\u00e9 bezplatne<\/li><li>Sp\u00f4sob \u00fahrady platieb za materi\u00e1lne n\u00e1klady pri spr\u00edstup\u0148ovan\u00ed inform\u00e1ci\u00ed:<ul><li>bezhotovostn\u00fdm prevodom na \u00fa\u010det fondu<\/li><li>po\u0161tovou pouk\u00e1\u017ekou<\/li><li>vkladom do pokladne fondu<\/li><\/ul><\/li><\/ol><p><b>Lehoty na vybavenie \u017eiadost\u00ed a\u00a0opravn\u00e9 prostriedky :<\/b><\/p><p>\u00a0<\/p><p>\u017diadosti o spr\u00edstupnenie inform\u00e1ci\u00ed vybavuje Environment\u00e1lny fond<\/p><p>bezodkladne,\u00a0<b>najnesk\u00f4r<\/b><b>\u00a0do 8 pracovn\u00fdch\u00a0dn\u00ed<\/b>\u00a0odo d\u0148a podania \u017eiadosti alebo odo d\u0148a odstr\u00e1nenia nedostatkov \u017eiadosti.<\/p><p>Environment\u00e1lny fond m\u00f4\u017ee t\u00fato lehotu zo z\u00e1va\u017en\u00fdch d\u00f4vodov stanoven\u00fdch z\u00e1konom\u00a0<b>pred\u013a\u017ei\u0165,\u00a0<\/b><b>najviac<\/b><b>\u00a0o 8 pracovn\u00fdch\u00a0dn\u00ed<\/b>. O pred\u013a\u017een\u00ed lehoty je \u017eiadate\u013e informovan\u00fd pred uplynut\u00edm lehoty spolu s uveden\u00edm d\u00f4vodov, ktor\u00e9 ved\u00fa k pred\u013a\u017eeniu lehoty.<\/p><p>Ak Environment\u00e1lny fond nem\u00e1 po\u017eadovan\u00fa inform\u00e1ciu k dispoz\u00edcii a ak m\u00e1 vedomos\u0165 o tom, kde mo\u017eno po\u017eadovan\u00fa inform\u00e1ciu z\u00edska\u0165,\u00a0<b>post\u00fapi \u017eiados\u0165 do 5 dn\u00ed<\/b>\u00a0povinnej osobe, ktor\u00e1 m\u00e1 po\u017eadovan\u00e9 inform\u00e1cie k\u00a0dispoz\u00edcii.<\/p><p>Ak\u00a0pr\u00edslu\u0161n\u00fd \u00fatvar Environment\u00e1lneho fondu nevyhovie \u017eiadosti o spr\u00edstupnenie inform\u00e1cie hoci len s\u010dasti, vyd\u00e1 o\u00a0tom\u00a0<b>p\u00edsomn\u00e9 rozhodnutie<\/b>. (Ak nevyd\u00e1 a ani inform\u00e1ciu nespr\u00edstupn\u00ed, predpoklad\u00e1 sa, \u017ee vydal tzv. &#8220;fikt\u00edvne rozhodnutie&#8221;, ktor\u00fdm odmietol poskytn\u00fa\u0165 inform\u00e1ciu).<\/p><p>Proti rozhodnutiu\u00a0<b>mo\u017eno poda\u0165 odvolanie v\u00a0lehote do 15 dn\u00ed\u00a0<\/b><b>od doru\u010denia rozhodnutia<\/b><b>,<\/b>\u00a0alebo m\u00e1rneho uplynutia lehoty na rozhodnutie \u017eiadosti. Odvolanie sa pod\u00e1va povinnej osobe, ktor\u00e1 rozhodnutie vydala alebo mala vyda\u0165.<\/p><p>Odvolac\u00ed org\u00e1n\u00a0<b>rozhodne o odvolan\u00ed do 15 dn\u00ed<\/b>\u00a0od doru\u010denia odvolania povinnou osobou. Ak odvolac\u00ed org\u00e1n v tejto lehote nerozhodne, predpoklad\u00e1 sa, \u017ee vydal rozhodnutie, ktor\u00fdm odvolanie zamietol a napadnut\u00e9 rozhodnutie potvrdil; za de\u0148 doru\u010denia tohto rozhodnutia sa pova\u017euje druh\u00fd de\u0148 po uplynut\u00ed lehoty na vydanie rozhodnutia.<\/p><p>Rozhodnutie o odmietnut\u00ed \u017eiadosti mo\u017eno presk\u00fama\u0165 v s\u00fadnom konan\u00ed pod\u013ea osobitn\u00e9ho z\u00e1kona.<\/p><p>\u00a0<\/p><h5>\u017diados\u0165 o spr\u00edstupnenie inform\u00e1ci\u00ed pod\u013ea z\u00e1kona \u010d. 211\/2000 Z. z.<\/h5><p><br \/>\u017diados\u0165 o spr\u00edstupnenie inform\u00e1ci\u00ed pod\u013ea z\u00e1kona \u010d. 211\/2000 Z. z. o slobodnom pr\u00edstupe k inform\u00e1ci\u00e1m a o zmene a doplnen\u00ed niektor\u00fdch z\u00e1konov (z\u00e1kon o slobode inform\u00e1ci\u00ed) v znen\u00ed neskor\u0161\u00edch predpisov.<br \/><br \/>Povinn\u00e1 osoba: Environment\u00e1lny fond, Nev\u00e4dzov\u00e1 5, 821 05 Bratislava<\/p><p>\u00a0<\/p><p>KONTAKT FORM TU BUDE<\/p>\t\t\t\t\t<\/div>\n\t\t\t\t\t\t<\/div>\n\t\t\t\t<\/div>\n\t\t\t\t<div class=\"elementor-element elementor-element-a7e5b4a elementor-widget elementor-widget-spacer\" data-id=\"a7e5b4a\" data-element_type=\"widget\" data-widget_type=\"spacer.default\">\n\t\t\t\t<div class=\"elementor-widget-container\">\n\t\t\t\t\t<div class=\"elementor-spacer\">\n\t\t\t<div class=\"elementor-spacer-inner\"><\/div>\n\t\t<\/div>\n\t\t\t\t<\/div>\n\t\t\t\t<\/div>\n\t\t\t\t\t\t<\/div>\n\t\t\t\t\t<\/div>\n\t\t<\/div>\n\t\t\t\t\t\t\t\t<\/div>\n\t\t\t\t\t<\/div>\n\t\t<\/section>\n\t\t\t\t<section class=\"elementor-section elementor-top-section elementor-element elementor-element-9dfe1e5 elementor-section-boxed elementor-section-height-default elementor-section-height-default\" data-id=\"9dfe1e5\" data-element_type=\"section\">\n\t\t\t\t\t\t<div class=\"elementor-container elementor-column-gap-default\">\n\t\t\t\t\t\t\t<div class=\"elementor-row\">\n\t\t\t\t\t<div class=\"elementor-column elementor-col-100 elementor-top-column elementor-element elementor-element-44c30ab\" data-id=\"44c30ab\" data-element_type=\"column\">\n\t\t\t<div class=\"elementor-column-wrap elementor-element-populated\">\n\t\t\t\t\t\t\t<div class=\"elementor-widget-wrap\">\n\t\t\t\t\t\t<div class=\"elementor-element elementor-element-b30646d elementor-widget elementor-widget-spacer\" data-id=\"b30646d\" data-element_type=\"widget\" data-widget_type=\"spacer.default\">\n\t\t\t\t<div class=\"elementor-widget-container\">\n\t\t\t\t\t<div class=\"elementor-spacer\">\n\t\t\t<div class=\"elementor-spacer-inner\"><\/div>\n\t\t<\/div>\n\t\t\t\t<\/div>\n\t\t\t\t<\/div>\n\t\t\t\t\t\t<\/div>\n\t\t\t\t\t<\/div>\n\t\t<\/div>\n\t\t\t\t\t\t\t\t<\/div>\n\t\t\t\t\t<\/div>\n\t\t<\/section>\n\t\t\t\t\t\t<\/div>\n\t\t\t\t\t\t<\/div>\n\t\t\t\t\t<\/div>\n\t\t","protected":false},"excerpt":{"rendered":"<p>Inform\u00e1cie Spr\u00edstup\u0148ovania inform\u00e1ci\u00ed Environment\u00e1lnym fondom &#8211; postup Spr\u00edstup\u0148ovanie inform\u00e1ci\u00ed Environment\u00e1lnym fondom sa riadi z\u00e1konom \u010d. 211\/2000 Z. z.\u00a0o slobodnom pr\u00edstupe k inform\u00e1ci\u00e1m a o zmene a doplnen\u00ed niektor\u00fdch z\u00e1konov (z\u00e1kon o slobode inform\u00e1ci\u00ed). \u017diadate\u013e, ktor\u00fdm je fyzick\u00e1 alebo pr\u00e1vnick\u00e1 osoba, m\u00f4\u017ee po\u017eiada\u0165 Environment\u00e1lny fond o\u00a0spr\u00edstupnenie inform\u00e1ci\u00ed prostredn\u00edctvom \u017eiadosti. \u017diados\u0165 o poskytnutie inform\u00e1ci\u00ed sa pod\u00e1va: telefonicky [&hellip;]<\/p>\n","protected":false},"author":1,"featured_media":0,"parent":0,"menu_order":0,"comment_status":"closed","ping_status":"closed","template":"","meta":{"footnotes":""},"class_list":["post-2211","page","type-page","status-publish","hentry"],"_links":{"self":[{"href":"https:\/\/feelfreeagency.com\/envirofond\/wp-json\/wp\/v2\/pages\/2211","targetHints":{"allow":["GET"]}}],"collection":[{"href":"https:\/\/feelfreeagency.com\/envirofond\/wp-json\/wp\/v2\/pages"}],"about":[{"href":"https:\/\/feelfreeagency.com\/envirofond\/wp-json\/wp\/v2\/types\/page"}],"author":[{"embeddable":true,"href":"https:\/\/feelfreeagency.com\/envirofond\/wp-json\/wp\/v2\/users\/1"}],"replies":[{"embeddable":true,"href":"https:\/\/feelfreeagency.com\/envirofond\/wp-json\/wp\/v2\/comments?post=2211"}],"version-history":[{"count":15,"href":"https:\/\/feelfreeagency.com\/envirofond\/wp-json\/wp\/v2\/pages\/2211\/revisions"}],"predecessor-version":[{"id":2226,"href":"https:\/\/feelfreeagency.com\/envirofond\/wp-json\/wp\/v2\/pages\/2211\/revisions\/2226"}],"wp:attachment":[{"href":"https:\/\/feelfreeagency.com\/envirofond\/wp-json\/wp\/v2\/media?parent=2211"}],"curies":[{"name":"wp","href":"https:\/\/api.w.org\/{rel}","templated":true}]}}