{"id":1409,"date":"2019-11-11T09:05:49","date_gmt":"2019-11-11T09:05:49","guid":{"rendered":"http:\/\/thegov.wgl-demo.net\/?page_id=1409"},"modified":"2022-03-28T11:13:07","modified_gmt":"2022-03-28T09:13:07","slug":"home-2","status":"publish","type":"page","link":"https:\/\/feelfreeagency.com\/envirofond\/","title":{"rendered":"Domov"},"content":{"rendered":"<div class=\"event-single_wrapper row\">\n            <div class=\"event-single_content wgl_col-4\">\n                   <i class=\"icon-event flaticon-clock\"><\/i>\n              <h6>Event Date:<\/h6>\n              Start at 12:00 PM<br \/>\n            23 decembra, 2023\n            <\/div>\n            \n            <div class=\"event-single_content wgl_col-4\">\n            <i class=\"icon-event flaticon-meeting-point\"><\/i>\n              <h6>Location<\/h6>\n              <a href=\"https:\/\/feelfreeagency.com\/envirofond\/locations\/at-city-center-27-division-street-usa-2\/\">At City Center, 27  Division Street, USA<\/a>\n            <\/div>\n            \n            <div class=\"event-single_content wgl_col-4\">\n            <i class=\"icon-event flaticon-paper-plane\"><\/i>\n              <h6>E-Mail<\/h6>\n              <span>city@vox.com.ua<\/br>thegov@gmail.com<\/span>\n            <\/div>\n            <\/div>\n            ","protected":false},"excerpt":{"rendered":"<p>23 decembra, 2023 @ 12:00 &#8211; ENVIRONMENT\u00c1LNY FOND VITAJTE NA STR\u00c1NKE PRE\u010c\u00cdTA\u0164 VIAC O FONDE 0 2600 + \u017diadost\u00ed ro\u010dneo podporu 0 100 mil. EUR Ro\u010dne podporen\u00fdch 0 1000 + Ro\u010dne podporen\u00fdch projektov 0 2525 obc\u00ed je n\u00e1mpartnerom Nadch\u00e1dzaj\u00face udalosti Zobrazi\u0165 v\u0161etky All Conference 22 novembra, 2023 Saturday at the Museum Series At City Center, 27 Division Street, USA Read More [&#8230;]<\/p>\n","protected":false},"author":1,"featured_media":0,"parent":0,"menu_order":0,"comment_status":"closed","ping_status":"closed","template":"","meta":{"footnotes":""},"class_list":["post-1409","page","type-page","status-publish","hentry"],"_links":{"self":[{"href":"https:\/\/feelfreeagency.com\/envirofond\/wp-json\/wp\/v2\/pages\/1409","targetHints":{"allow":["GET"]}}],"collection":[{"href":"https:\/\/feelfreeagency.com\/envirofond\/wp-json\/wp\/v2\/pages"}],"about":[{"href":"https:\/\/feelfreeagency.com\/envirofond\/wp-json\/wp\/v2\/types\/page"}],"author":[{"embeddable":true,"href":"https:\/\/feelfreeagency.com\/envirofond\/wp-json\/wp\/v2\/users\/1"}],"replies":[{"embeddable":true,"href":"https:\/\/feelfreeagency.com\/envirofond\/wp-json\/wp\/v2\/comments?post=1409"}],"version-history":[{"count":55,"href":"https:\/\/feelfreeagency.com\/envirofond\/wp-json\/wp\/v2\/pages\/1409\/revisions"}],"predecessor-version":[{"id":3240,"href":"https:\/\/feelfreeagency.com\/envirofond\/wp-json\/wp\/v2\/pages\/1409\/revisions\/3240"}],"wp:attachment":[{"href":"https:\/\/feelfreeagency.com\/envirofond\/wp-json\/wp\/v2\/media?parent=1409"}],"curies":[{"name":"wp","href":"https:\/\/api.w.org\/{rel}","templated":true}]}}