{"id":1010,"date":"2019-11-07T09:04:48","date_gmt":"2019-11-07T09:04:48","guid":{"rendered":"http:\/\/thegov.wgl-demo.net\/?page_id=1010"},"modified":"2022-04-01T18:50:06","modified_gmt":"2022-04-01T16:50:06","slug":"kontakt","status":"publish","type":"page","link":"https:\/\/feelfreeagency.com\/envirofond\/kontakt\/","title":{"rendered":"Kontakt"},"content":{"rendered":"\t\t<div data-elementor-type=\"wp-page\" data-elementor-id=\"1010\" class=\"elementor elementor-1010\" data-elementor-settings=\"[]\">\n\t\t\t\t\t\t<div class=\"elementor-inner\">\n\t\t\t\t\t\t\t<div class=\"elementor-section-wrap\">\n\t\t\t\t\t\t\t<section class=\"elementor-section elementor-top-section elementor-element elementor-element-af2ab1d elementor-section-boxed elementor-section-height-default elementor-section-height-default\" data-id=\"af2ab1d\" data-element_type=\"section\">\n\t\t\t\t\t\t<div class=\"elementor-container elementor-column-gap-default\">\n\t\t\t\t\t\t\t<div class=\"elementor-row\">\n\t\t\t\t\t<div class=\"elementor-column elementor-col-100 elementor-top-column elementor-element elementor-element-7fd3b09\" data-id=\"7fd3b09\" data-element_type=\"column\">\n\t\t\t<div class=\"elementor-column-wrap elementor-element-populated\">\n\t\t\t\t\t\t\t<div class=\"elementor-widget-wrap\">\n\t\t\t\t\t\t<div class=\"elementor-element elementor-element-cd076a3 elementor-widget elementor-widget-spacer\" data-id=\"cd076a3\" data-element_type=\"widget\" data-widget_type=\"spacer.default\">\n\t\t\t\t<div class=\"elementor-widget-container\">\n\t\t\t\t\t<div class=\"elementor-spacer\">\n\t\t\t<div class=\"elementor-spacer-inner\"><\/div>\n\t\t<\/div>\n\t\t\t\t<\/div>\n\t\t\t\t<\/div>\n\t\t\t\t\t\t<\/div>\n\t\t\t\t\t<\/div>\n\t\t<\/div>\n\t\t\t\t\t\t\t\t<\/div>\n\t\t\t\t\t<\/div>\n\t\t<\/section>\n\t\t\t\t<section class=\"elementor-section elementor-top-section elementor-element elementor-element-98ee5fd elementor-section-boxed elementor-section-height-default elementor-section-height-default\" data-id=\"98ee5fd\" data-element_type=\"section\">\n\t\t\t\t\t\t<div class=\"elementor-container elementor-column-gap-extended\">\n\t\t\t\t\t\t\t<div class=\"elementor-row\">\n\t\t\t\t\t<div class=\"elementor-column elementor-col-33 elementor-top-column elementor-element elementor-element-c6af03a\" data-id=\"c6af03a\" data-element_type=\"column\">\n\t\t\t<div class=\"elementor-column-wrap elementor-element-populated\">\n\t\t\t\t\t\t\t<div class=\"elementor-widget-wrap\">\n\t\t\t\t\t\t<div class=\"elementor-element elementor-element-f8f1aba elementor-widget-icon-box wgl-icon-box media-right elementor-widget elementor-widget-wgl-services-6\" data-id=\"f8f1aba\" data-element_type=\"widget\" data-widget_type=\"wgl-services-6.default\">\n\t\t\t\t<div class=\"elementor-widget-container\">\n\t\t\t        <div class=\"wgl-services-6 services_center\">\n            <div class=\"wgl-services_wrap\">                <div class=\"wgl-services_media-wrap\"><div class=\"wgl-widget_wrapper elementor-icon-box-icon\"><div class=\"wgl-widget_container\"><span class=\"wgl-icon elementor-icon\" ><i class=\"icon fa fa-info\"><\/i><\/span><\/div><\/div>                <\/div>                <div class=\"wgl-services_content-wrap\">\n                    <h3 class=\"wgl-services_title\">Inform\u00e1cie<\/h3>\n                    <div class=\"wgl-services_text\">I\u010cO: 30796491<br>\n\nPodate\u013e\u0148a: (2. poschodie \u010d. dver\u00ed 301)<br>\n\nE-mail : podatelna@envirofond.sk<br>\nPodnety a n\u00e1vrhy : napady@envirofond.sk<\/div>\n                <\/div>            <\/div>\n        <\/div>\n\n        \t\t<\/div>\n\t\t\t\t<\/div>\n\t\t\t\t\t\t<\/div>\n\t\t\t\t\t<\/div>\n\t\t<\/div>\n\t\t\t\t<div class=\"elementor-column elementor-col-33 elementor-top-column elementor-element elementor-element-ceb1cfa\" data-id=\"ceb1cfa\" data-element_type=\"column\">\n\t\t\t<div class=\"elementor-column-wrap elementor-element-populated\">\n\t\t\t\t\t\t\t<div class=\"elementor-widget-wrap\">\n\t\t\t\t\t\t<div class=\"elementor-element elementor-element-f248835 elementor-widget-icon-box wgl-icon-box media-right elementor-widget elementor-widget-wgl-services-6\" data-id=\"f248835\" data-element_type=\"widget\" data-widget_type=\"wgl-services-6.default\">\n\t\t\t\t<div class=\"elementor-widget-container\">\n\t\t\t        <div class=\"wgl-services-6 services_center\">\n            <div class=\"wgl-services_wrap\">                <div class=\"wgl-services_media-wrap\"><div class=\"wgl-widget_wrapper elementor-icon-box-icon\"><div class=\"wgl-widget_container\"><span class=\"wgl-icon elementor-icon\" ><i class=\"icon flaticon-map\"><\/i><\/span><\/div><\/div>                <\/div>                <div class=\"wgl-services_content-wrap\">\n                    <h3 class=\"wgl-services_title\">Nav\u0161t\u00edvte N\u00e1s<\/h3>\n                    <div class=\"wgl-services_text\">Nev\u00e4dzov\u00e1 5 <br>\n821 01 Bratislava\n<br>\n<br>\n<br><\/div>\n                <\/div>            <\/div>\n        <\/div>\n\n        \t\t<\/div>\n\t\t\t\t<\/div>\n\t\t\t\t\t\t<\/div>\n\t\t\t\t\t<\/div>\n\t\t<\/div>\n\t\t\t\t<div class=\"elementor-column elementor-col-33 elementor-top-column elementor-element elementor-element-bfb51f6\" data-id=\"bfb51f6\" data-element_type=\"column\">\n\t\t\t<div class=\"elementor-column-wrap elementor-element-populated\">\n\t\t\t\t\t\t\t<div class=\"elementor-widget-wrap\">\n\t\t\t\t\t\t<div class=\"elementor-element elementor-element-8741d2d elementor-widget-icon-box wgl-icon-box media-right elementor-widget elementor-widget-wgl-services-6\" data-id=\"8741d2d\" data-element_type=\"widget\" data-widget_type=\"wgl-services-6.default\">\n\t\t\t\t<div class=\"elementor-widget-container\">\n\t\t\t        <div class=\"wgl-services-6 services_center\">\n            <div class=\"wgl-services_wrap\">                <div class=\"wgl-services_media-wrap\"><div class=\"wgl-widget_wrapper elementor-icon-box-icon\"><div class=\"wgl-widget_container\"><span class=\"wgl-icon elementor-icon\" ><i class=\"icon fa fa-send\"><\/i><\/span><\/div><\/div>                <\/div>                <div class=\"wgl-services_content-wrap\">\n                    <h3 class=\"wgl-services_title\">Kore\u0161ponden\u010dn\u00e1 <br>adresa<\/h3>\n                    <div class=\"wgl-services_text\">Environment\u00e1lny fond<br>\nP. O. Box 14<br>\n827 14 Bratislava 212<\/div>\n                <\/div>            <\/div>\n        <\/div>\n\n        \t\t<\/div>\n\t\t\t\t<\/div>\n\t\t\t\t\t\t<\/div>\n\t\t\t\t\t<\/div>\n\t\t<\/div>\n\t\t\t\t\t\t\t\t<\/div>\n\t\t\t\t\t<\/div>\n\t\t<\/section>\n\t\t\t\t<section class=\"elementor-section elementor-top-section elementor-element elementor-element-d1ecf5e elementor-section-boxed elementor-section-height-default elementor-section-height-default\" data-id=\"d1ecf5e\" data-element_type=\"section\">\n\t\t\t\t\t\t<div class=\"elementor-container elementor-column-gap-default\">\n\t\t\t\t\t\t\t<div class=\"elementor-row\">\n\t\t\t\t\t<div class=\"elementor-column elementor-col-100 elementor-top-column elementor-element elementor-element-9781a3b\" data-id=\"9781a3b\" data-element_type=\"column\">\n\t\t\t<div class=\"elementor-column-wrap elementor-element-populated\">\n\t\t\t\t\t\t\t<div class=\"elementor-widget-wrap\">\n\t\t\t\t\t\t<div class=\"elementor-element elementor-element-4c20da1 elementor-widget elementor-widget-spacer\" data-id=\"4c20da1\" data-element_type=\"widget\" data-widget_type=\"spacer.default\">\n\t\t\t\t<div class=\"elementor-widget-container\">\n\t\t\t\t\t<div class=\"elementor-spacer\">\n\t\t\t<div class=\"elementor-spacer-inner\"><\/div>\n\t\t<\/div>\n\t\t\t\t<\/div>\n\t\t\t\t<\/div>\n\t\t\t\t\t\t<\/div>\n\t\t\t\t\t<\/div>\n\t\t<\/div>\n\t\t\t\t\t\t\t\t<\/div>\n\t\t\t\t\t<\/div>\n\t\t<\/section>\n\t\t\t\t<section class=\"elementor-section elementor-top-section elementor-element elementor-element-7b40c21 elementor-section-boxed elementor-section-height-default elementor-section-height-default\" data-id=\"7b40c21\" data-element_type=\"section\">\n\t\t\t\t\t\t<div class=\"elementor-container elementor-column-gap-extended\">\n\t\t\t\t\t\t\t<div class=\"elementor-row\">\n\t\t\t\t\t<div class=\"elementor-column elementor-col-50 elementor-top-column elementor-element elementor-element-3f83089\" data-id=\"3f83089\" data-element_type=\"column\">\n\t\t\t<div class=\"elementor-column-wrap elementor-element-populated\">\n\t\t\t\t\t\t\t<div class=\"elementor-widget-wrap\">\n\t\t\t\t\t\t<div class=\"elementor-element elementor-element-ad4453e elementor-widget elementor-widget-spacer\" data-id=\"ad4453e\" data-element_type=\"widget\" data-widget_type=\"spacer.default\">\n\t\t\t\t<div class=\"elementor-widget-container\">\n\t\t\t\t\t<div class=\"elementor-spacer\">\n\t\t\t<div class=\"elementor-spacer-inner\"><\/div>\n\t\t<\/div>\n\t\t\t\t<\/div>\n\t\t\t\t<\/div>\n\t\t\t\t<div class=\"elementor-element elementor-element-a8addc4 elementor-widget elementor-widget-heading\" data-id=\"a8addc4\" data-element_type=\"widget\" data-widget_type=\"heading.default\">\n\t\t\t\t<div class=\"elementor-widget-container\">\n\t\t\t<style>\/*! elementor - v3.5.6 - 28-02-2022 *\/\n.elementor-heading-title{padding:0;margin:0;line-height:1}.elementor-widget-heading .elementor-heading-title[class*=elementor-size-]>a{color:inherit;font-size:inherit;line-height:inherit}.elementor-widget-heading .elementor-heading-title.elementor-size-small{font-size:15px}.elementor-widget-heading .elementor-heading-title.elementor-size-medium{font-size:19px}.elementor-widget-heading .elementor-heading-title.elementor-size-large{font-size:29px}.elementor-widget-heading .elementor-heading-title.elementor-size-xl{font-size:39px}.elementor-widget-heading .elementor-heading-title.elementor-size-xxl{font-size:59px}<\/style><h2 class=\"elementor-heading-title elementor-size-default\">Nap\u00ed\u0161te n\u00e1m<\/h2>\t\t<\/div>\n\t\t\t\t<\/div>\n\t\t\t\t<div class=\"elementor-element elementor-element-8011610 elementor-widget elementor-widget-spacer\" data-id=\"8011610\" data-element_type=\"widget\" data-widget_type=\"spacer.default\">\n\t\t\t\t<div class=\"elementor-widget-container\">\n\t\t\t\t\t<div class=\"elementor-spacer\">\n\t\t\t<div class=\"elementor-spacer-inner\"><\/div>\n\t\t<\/div>\n\t\t\t\t<\/div>\n\t\t\t\t<\/div>\n\t\t\t\t<div class=\"elementor-element elementor-element-a5292b1 elementor-widget elementor-widget-text-editor\" data-id=\"a5292b1\" data-element_type=\"widget\" data-widget_type=\"text-editor.default\">\n\t\t\t\t<div class=\"elementor-widget-container\">\n\t\t\t<style>\/*! elementor - v3.5.6 - 28-02-2022 *\/\n.elementor-widget-text-editor.elementor-drop-cap-view-stacked .elementor-drop-cap{background-color:#818a91;color:#fff}.elementor-widget-text-editor.elementor-drop-cap-view-framed .elementor-drop-cap{color:#818a91;border:3px solid;background-color:transparent}.elementor-widget-text-editor:not(.elementor-drop-cap-view-default) .elementor-drop-cap{margin-top:8px}.elementor-widget-text-editor:not(.elementor-drop-cap-view-default) .elementor-drop-cap-letter{width:1em;height:1em}.elementor-widget-text-editor .elementor-drop-cap{float:left;text-align:center;line-height:1;font-size:50px}.elementor-widget-text-editor .elementor-drop-cap-letter{display:inline-block}<\/style>\t\t\t\t\t<div class=\"elementor-text-editor elementor-clearfix\">\n\t\t\t\t<p style=\"margin-bottom: 0px;\"><span>V pr\u00edpade ak\u00fdchko\u013evek ot\u00e1zok n\u00e1s nev\u00e1hajte kontaktova\u0165 pomocou kontaktn\u00e9ho formul\u00e1ra.<\/span><\/p>\t\t\t\t\t<\/div>\n\t\t\t\t\t\t<\/div>\n\t\t\t\t<\/div>\n\t\t\t\t<div class=\"elementor-element elementor-element-4579794 elementor-widget elementor-widget-text-editor\" data-id=\"4579794\" data-element_type=\"widget\" data-widget_type=\"text-editor.default\">\n\t\t\t\t<div class=\"elementor-widget-container\">\n\t\t\t\t\t\t\t\t<div class=\"elementor-text-editor elementor-clearfix\">\n\t\t\t\t<div role=\"form\" class=\"wpcf7\" id=\"wpcf7-f1016-o1\" lang=\"en-US\" dir=\"ltr\">\n<div class=\"screen-reader-response\"><p role=\"status\" aria-live=\"polite\" aria-atomic=\"true\"><\/p> <ul><\/ul><\/div>\n<form action=\"\/envirofond\/wp-json\/wp\/v2\/pages\/1010#wpcf7-f1016-o1\" method=\"post\" class=\"wpcf7-form init\" novalidate=\"novalidate\" data-status=\"init\">\n<div style=\"display: none;\">\n<input type=\"hidden\" name=\"_wpcf7\" value=\"1016\" \/>\n<input type=\"hidden\" name=\"_wpcf7_version\" value=\"5.5.6\" \/>\n<input type=\"hidden\" name=\"_wpcf7_locale\" value=\"en_US\" \/>\n<input type=\"hidden\" name=\"_wpcf7_unit_tag\" value=\"wpcf7-f1016-o1\" \/>\n<input type=\"hidden\" name=\"_wpcf7_container_post\" value=\"0\" \/>\n<input type=\"hidden\" name=\"_wpcf7_posted_data_hash\" value=\"\" \/>\n<\/div>\n<div class='row'>\n<div class='wgl_col-12'>\n<span class=\"wpcf7-form-control-wrap text-759\"><input type=\"text\" name=\"text-759\" value=\"\" size=\"40\" class=\"wpcf7-form-control wpcf7-text\" aria-invalid=\"false\" placeholder=\"Va\u0161e meno *\" \/><\/span>\n<\/div>\n<div class='wgl_col-12'>\n<span class=\"wpcf7-form-control-wrap email-613\"><input type=\"email\" name=\"email-613\" value=\"\" size=\"40\" class=\"wpcf7-form-control wpcf7-text wpcf7-email wpcf7-validates-as-email\" aria-invalid=\"false\" placeholder=\"V\u00e1\u0161 e-mail *\" \/><\/span>\n<\/div>\n<div class='wgl_col-12'>\n<span class=\"wpcf7-form-control-wrap textarea-876\"><textarea name=\"textarea-876\" cols=\"40\" rows=\"10\" class=\"wpcf7-form-control wpcf7-textarea\" aria-invalid=\"false\" placeholder=\"Text spr\u00e1vy *\"><\/textarea><\/span>\n<\/div>\n<\/div>\n<p><input type=\"submit\" value=\"Odosla\u0165\" class=\"wpcf7-form-control has-spinner wpcf7-submit\" \/><\/p>\n<div class=\"wpcf7-response-output\" aria-hidden=\"true\"><\/div><\/form><\/div>\t\t\t\t\t<\/div>\n\t\t\t\t\t\t<\/div>\n\t\t\t\t<\/div>\n\t\t\t\t<div class=\"elementor-element elementor-element-444dc3a elementor-widget elementor-widget-heading\" data-id=\"444dc3a\" data-element_type=\"widget\" data-widget_type=\"heading.default\">\n\t\t\t\t<div class=\"elementor-widget-container\">\n\t\t\t<h6 class=\"elementor-heading-title elementor-size-default\">Str\u00e1nkov\u00e9 hodiny:<\/h6>\t\t<\/div>\n\t\t\t\t<\/div>\n\t\t\t\t<div class=\"elementor-element elementor-element-1bbf305 elementor-widget elementor-widget-wgl-working-hours\" data-id=\"1bbf305\" data-element_type=\"widget\" data-widget_type=\"wgl-working-hours.default\">\n\t\t\t\t<div class=\"elementor-widget-container\">\n\t\t\t<div class=\"wgl-working-hours\">            <div class=\"working-item\"><div class=\"working-item_day\" style=\"\">Pondelok<\/div><div class=\"working-item_hours\" style=\"\">8:30 do 15:00<\/div>            <\/div>            <div class=\"working-item\"><div class=\"working-item_day\" style=\"\">Utorok<\/div><div class=\"working-item_hours\" style=\"\">8:30 do 15:00<\/div>            <\/div>            <div class=\"working-item\"><div class=\"working-item_day\" style=\"\">Streda<\/div><div class=\"working-item_hours\" style=\"\">8:30 do 15:00<\/div>            <\/div>            <div class=\"working-item\"><div class=\"working-item_day\" style=\"\">\u0160tvrtok<\/div><div class=\"working-item_hours\" style=\"\">8:30 do 15:00<\/div>            <\/div>            <div class=\"working-item\"><div class=\"working-item_day\" style=\"\">Piatok<\/div><div class=\"working-item_hours\" style=\"\">8:30 do 14:00<\/div>            <\/div><\/div>\t\t<\/div>\n\t\t\t\t<\/div>\n\t\t\t\t<div class=\"elementor-element elementor-element-e052c69 elementor-widget elementor-widget-heading\" data-id=\"e052c69\" data-element_type=\"widget\" data-widget_type=\"heading.default\">\n\t\t\t\t<div class=\"elementor-widget-container\">\n\t\t\t<h6 class=\"elementor-heading-title elementor-size-default\">Prest\u00e1vka na obed: 12:00 - 12:30<\/h6>\t\t<\/div>\n\t\t\t\t<\/div>\n\t\t\t\t\t\t<\/div>\n\t\t\t\t\t<\/div>\n\t\t<\/div>\n\t\t\t\t<div class=\"elementor-column elementor-col-50 elementor-top-column elementor-element elementor-element-4f54749\" data-id=\"4f54749\" data-element_type=\"column\">\n\t\t\t<div class=\"elementor-column-wrap elementor-element-populated\">\n\t\t\t\t\t\t\t<div class=\"elementor-widget-wrap\">\n\t\t\t\t\t\t<div class=\"elementor-element elementor-element-b8a9417 elementor-widget elementor-widget-text-editor\" data-id=\"b8a9417\" data-element_type=\"widget\" data-widget_type=\"text-editor.default\">\n\t\t\t\t<div class=\"elementor-widget-container\">\n\t\t\t\t\t\t\t\t<div class=\"elementor-text-editor elementor-clearfix\">\n\t\t\t\t<div class=\"kontakt_env\"><b>Komunik\u00e1cia prostredn\u00edctvom elektronickej schr\u00e1nky \u00daPVS<\/b><\/div><div class=\"kontakt_env\"><p>Elektronick\u00e1 schr\u00e1nka \u00daPVS je zriaden\u00e1 na komunik\u00e1ciu subjektov \u2013 Org\u00e1nov verejnej moci (OVM) s\u00a0fyzick\u00fdmi (FO) a\u00a0pr\u00e1vnick\u00fdmi osobami (PO), ako aj na komunik\u00e1ciu medzi OVM navz\u00e1jom.<\/p><p>Environment\u00e1lny fond nie je z\u00a0tohto poh\u013eadu Org\u00e1n verejnej moci, t.j. do jeho schr\u00e1nky m\u00f4\u017ee by\u0165 zasielan\u00e1 elektronick\u00e1 po\u0161ta len od subjektov, ktor\u00e9 maj\u00fa v\u00a0r\u00e1mci \u00daPVS \u0161tat\u00fat Org\u00e1nu verejnej moci.<\/p><p>Ak ste OVM a\u00a0chcete doru\u010dova\u0165 do elektronickej schr\u00e1nky \u00daPVS pou\u017eite na vyh\u013ead\u00e1vanie Environment\u00e1lneho fondu I\u010cO 30796491<\/p><\/div><div class=\"kontakt_env\"><strong>Oznamujeme \u017eiadate\u013eom\/str\u00e1nkam, aby svoje podania\/konzult\u00e1cie vybavovali prim\u00e1rne po\u0161tou,\u00a0 emailom alebo telefonicky.<\/strong><\/div>\t\t\t\t\t<\/div>\n\t\t\t\t\t\t<\/div>\n\t\t\t\t<\/div>\n\t\t\t\t<div class=\"elementor-element elementor-element-69b48fe elementor-widget elementor-widget-google_maps\" data-id=\"69b48fe\" data-element_type=\"widget\" data-widget_type=\"google_maps.default\">\n\t\t\t\t<div class=\"elementor-widget-container\">\n\t\t\t<style>\/*! elementor - v3.5.6 - 28-02-2022 *\/\n.elementor-widget-google_maps .elementor-widget-container{overflow:hidden}.elementor-widget-google_maps iframe{height:300px}<\/style>\t\t<div class=\"elementor-custom-embed\">\n\t\t\t<iframe frameborder=\"0\" scrolling=\"no\" marginheight=\"0\" marginwidth=\"0\"\n\t\t\t\t\tsrc=\"https:\/\/maps.google.com\/maps?q=Nev%C3%A4dzov%C3%A1%20806%2F5&#038;t=m&#038;z=15&#038;output=embed&#038;iwloc=near\"\n\t\t\t\t\ttitle=\"Nev\u00e4dzov\u00e1 806\/5\"\n\t\t\t\t\taria-label=\"Nev\u00e4dzov\u00e1 806\/5\"\n\t\t\t><\/iframe>\n\t\t<\/div>\n\t\t\t\t<\/div>\n\t\t\t\t<\/div>\n\t\t\t\t\t\t<\/div>\n\t\t\t\t\t<\/div>\n\t\t<\/div>\n\t\t\t\t\t\t\t\t<\/div>\n\t\t\t\t\t<\/div>\n\t\t<\/section>\n\t\t\t\t\t\t<\/div>\n\t\t\t\t\t\t<\/div>\n\t\t\t\t\t<\/div>\n\t\t","protected":false},"excerpt":{"rendered":"<p>Inform\u00e1cie I\u010cO: 30796491 Podate\u013e\u0148a: (2. poschodie \u010d. dver\u00ed 301) E-mail : podatelna@envirofond.sk Podnety a n\u00e1vrhy : napady@envirofond.sk Nav\u0161t\u00edvte N\u00e1s Nev\u00e4dzov\u00e1 5 821 01 Bratislava Kore\u0161ponden\u010dn\u00e1 adresa Environment\u00e1lny fond P. O. Box 14 827 14 Bratislava 212 Nap\u00ed\u0161te n\u00e1m V pr\u00edpade ak\u00fdchko\u013evek ot\u00e1zok n\u00e1s nev\u00e1hajte kontaktova\u0165 pomocou kontaktn\u00e9ho formul\u00e1ra. Str\u00e1nkov\u00e9 hodiny: Pondelok8:30 do 15:00 Utorok8:30 do [&hellip;]<\/p>\n","protected":false},"author":1,"featured_media":0,"parent":0,"menu_order":0,"comment_status":"closed","ping_status":"closed","template":"","meta":{"footnotes":""},"class_list":["post-1010","page","type-page","status-publish","hentry"],"_links":{"self":[{"href":"https:\/\/feelfreeagency.com\/envirofond\/wp-json\/wp\/v2\/pages\/1010","targetHints":{"allow":["GET"]}}],"collection":[{"href":"https:\/\/feelfreeagency.com\/envirofond\/wp-json\/wp\/v2\/pages"}],"about":[{"href":"https:\/\/feelfreeagency.com\/envirofond\/wp-json\/wp\/v2\/types\/page"}],"author":[{"embeddable":true,"href":"https:\/\/feelfreeagency.com\/envirofond\/wp-json\/wp\/v2\/users\/1"}],"replies":[{"embeddable":true,"href":"https:\/\/feelfreeagency.com\/envirofond\/wp-json\/wp\/v2\/comments?post=1010"}],"version-history":[{"count":10,"href":"https:\/\/feelfreeagency.com\/envirofond\/wp-json\/wp\/v2\/pages\/1010\/revisions"}],"predecessor-version":[{"id":3522,"href":"https:\/\/feelfreeagency.com\/envirofond\/wp-json\/wp\/v2\/pages\/1010\/revisions\/3522"}],"wp:attachment":[{"href":"https:\/\/feelfreeagency.com\/envirofond\/wp-json\/wp\/v2\/media?parent=1010"}],"curies":[{"name":"wp","href":"https:\/\/api.w.org\/{rel}","templated":true}]}}